{"id":920,"date":"2020-05-05T09:42:36","date_gmt":"2020-05-05T07:42:36","guid":{"rendered":"http:\/\/rivegaucheblois.fr\/?page_id=920"},"modified":"2020-05-24T23:12:21","modified_gmt":"2020-05-24T21:12:21","slug":"reprise-des-examens","status":"publish","type":"page","link":"https:\/\/rivegaucheblois.fr\/?page_id=920","title":{"rendered":"REPRISE DES EXAMENS"},"content":{"rendered":"\n<p class=\"has-medium-font-size\">En raison de l\u2019\u00e9pid\u00e9mie de\nCovid-19 qui continue de s\u00e9vir, l\u2019auto-\u00e9cole a pris beaucoup de retard\nconcernant les passages d\u2019examens.<\/p>\n\n\n\n<p class=\"has-medium-font-size\">Il n\u2019y aura sans doute, pas\nplus de place qu\u2019en temps normal, mais sachez que nous ferons tout notre\npossible pour en obtenir davantage aupr\u00e8s des services comp\u00e9tents.<\/p>\n\n\n\n<p class=\"has-medium-font-size\">Les inspecteurs exigent plus\nde temps pour que nous d\u00e9sinfections le poste de conduite entre chaque passages\nd\u2019examens.<\/p>\n\n\n\n<p class=\"has-medium-font-size\">Un masque sera obligatoire\npour l\u2019examen.<\/p>\n\n\n\n<p class=\"has-medium-font-size\">Les inspecteurs se r\u00e9servent\nle droit d\u2019annuler l\u2019examen si les consignes et gestes barri\u00e8res pour le virus\nne sont pas respect\u00e9es.<\/p>\n\n\n\n<p class=\"has-medium-font-size\">Nous vous demandons de faire preuve de patience, d\u2019appliquer rigoureusement les gestes barri\u00e8res et de respecter vos enseignants de la conduite qui font au mieux pour vous former dans ce contexte si particulier. Merci de votre compr\u00e9hension <\/p>\n\n\n\n<div class=\"wp-block-image\"><figure class=\"aligncenter size-large is-resized\"><img decoding=\"async\" loading=\"lazy\" src=\"http:\/\/rivegaucheblois.fr\/wp-content\/uploads\/2020\/05\/dsr-p1-722x1024.jpg\" alt=\"\" class=\"wp-image-990\" width=\"707\" height=\"999\"\/><\/figure><\/div>\n\n\n\n<div class=\"wp-block-image\"><figure class=\"aligncenter size-large is-resized\"><img decoding=\"async\" loading=\"lazy\" src=\"http:\/\/rivegaucheblois.fr\/wp-content\/uploads\/2020\/05\/dsr-p2-722x1024.jpg\" alt=\"\" class=\"wp-image-992\" width=\"707\" height=\"1000\"\/><\/figure><\/div>\n","protected":false},"excerpt":{"rendered":"<p>En raison de l\u2019\u00e9pid\u00e9mie de Covid-19 qui continue de s\u00e9vir, l\u2019auto-\u00e9cole a pris beaucoup de retard concernant les passages d\u2019examens. Il n\u2019y aura sans doute, pas plus de place qu\u2019en temps normal, mais sachez que nous ferons tout notre possible pour en obtenir davantage aupr\u00e8s des services comp\u00e9tents. Les inspecteurs exigent plus de temps pour [&hellip;]<\/p>\n","protected":false},"author":1,"featured_media":0,"parent":0,"menu_order":0,"comment_status":"closed","ping_status":"closed","template":"","meta":[],"_links":{"self":[{"href":"https:\/\/rivegaucheblois.fr\/index.php?rest_route=\/wp\/v2\/pages\/920"}],"collection":[{"href":"https:\/\/rivegaucheblois.fr\/index.php?rest_route=\/wp\/v2\/pages"}],"about":[{"href":"https:\/\/rivegaucheblois.fr\/index.php?rest_route=\/wp\/v2\/types\/page"}],"author":[{"embeddable":true,"href":"https:\/\/rivegaucheblois.fr\/index.php?rest_route=\/wp\/v2\/users\/1"}],"replies":[{"embeddable":true,"href":"https:\/\/rivegaucheblois.fr\/index.php?rest_route=%2Fwp%2Fv2%2Fcomments&post=920"}],"version-history":[{"count":6,"href":"https:\/\/rivegaucheblois.fr\/index.php?rest_route=\/wp\/v2\/pages\/920\/revisions"}],"predecessor-version":[{"id":994,"href":"https:\/\/rivegaucheblois.fr\/index.php?rest_route=\/wp\/v2\/pages\/920\/revisions\/994"}],"wp:attachment":[{"href":"https:\/\/rivegaucheblois.fr\/index.php?rest_route=%2Fwp%2Fv2%2Fmedia&parent=920"}],"curies":[{"name":"wp","href":"https:\/\/api.w.org\/{rel}","templated":true}]}}