{"id":9,"date":"2017-09-25T19:34:11","date_gmt":"2017-09-25T17:34:11","guid":{"rendered":"http:\/\/rivegaucheblois.fr\/?page_id=9"},"modified":"2024-02-01T14:13:54","modified_gmt":"2024-02-01T13:13:54","slug":"auto","status":"publish","type":"page","link":"https:\/\/rivegaucheblois.fr\/?page_id=9","title":{"rendered":"Auto"},"content":{"rendered":"\n<p><\/p>\n\n\n\n<h2><a href=\"http:\/\/rivegaucheblois.fr\/?page_id=68\"><strong>PERMIS B<\/strong><\/a><strong><br><\/strong>\u00e0 partir de 17 ans.<\/h2>\n\n\n\n<h2><strong><a href=\"http:\/\/rivegaucheblois.fr\/?page_id=69\">PERMIS AAC<\/a><\/strong><br>d\u00e8s 15 ans<\/h2>\n\n\n\n<p>La conduite accompagn\u00e9e permet de d\u00e9buter l\u2019apprentissage de la conduite.<\/p>\n\n\n\n<h2><strong><a href=\"http:\/\/rivegaucheblois.fr\/?page_id=66\">PERMIS BA<\/a><\/strong><br>Automatique en 13h<\/h2>\n\n\n\n<p>Le permis B \u00e0 embrayage automatique. Ce permis est accessible \u00e0 tous et n&rsquo;est pas seulement r\u00e9serv\u00e9 aux personnes en situation de handicap.<\/p>\n\n\n\n<h2><a href=\"http:\/\/rivegaucheblois.fr\/?page_id=1490\"><strong>PERMIS BA AAC<\/strong><\/a> <br>d\u00e8s 15 ans en 13h<\/h2>\n\n\n\n<h2><a href=\"http:\/\/rivegaucheblois.fr\/?page_id=1635\"><strong>PERMIS AM option quadricycle<\/strong><\/a> <br>d\u00e8s 14 ans en 8h<\/h2>\n\n\n\n<h2 id=\"mce_0\"><a href=\"http:\/\/rivegaucheblois.fr\/?page_id=1005\"><strong>LE JOUR DU PERMIS<\/strong><\/a><\/h2>\n\n\n\n<p>D\u00e9roulement de l&rsquo;examen<\/p>\n\n\n\n<h2><strong><a href=\"http:\/\/rivegaucheblois.fr\/?page_id=1011\">LES V\u00c9RIFICATIONS<\/a><\/strong><\/h2>\n\n\n\n<p>Vid\u00e9os et liste des questions.<\/p>\n\n\n\n<h2><a href=\"http:\/\/rivegaucheblois.fr\/?page_id=1270\"><strong>POST PERMIS<\/strong><\/a><\/h2>\n\n\n\n<p><\/p>\n","protected":false},"excerpt":{"rendered":"<p>PERMIS B\u00e0 partir de 17 ans. PERMIS AACd\u00e8s 15 ans La conduite accompagn\u00e9e permet de d\u00e9buter l\u2019apprentissage de la conduite. PERMIS BAAutomatique en 13h Le permis B \u00e0 embrayage automatique. Ce permis est accessible \u00e0 tous et n&rsquo;est pas seulement r\u00e9serv\u00e9 aux personnes en situation de handicap. PERMIS BA AAC d\u00e8s 15 ans en 13h [&hellip;]<\/p>\n","protected":false},"author":1,"featured_media":0,"parent":0,"menu_order":0,"comment_status":"closed","ping_status":"closed","template":"","meta":[],"_links":{"self":[{"href":"https:\/\/rivegaucheblois.fr\/index.php?rest_route=\/wp\/v2\/pages\/9"}],"collection":[{"href":"https:\/\/rivegaucheblois.fr\/index.php?rest_route=\/wp\/v2\/pages"}],"about":[{"href":"https:\/\/rivegaucheblois.fr\/index.php?rest_route=\/wp\/v2\/types\/page"}],"author":[{"embeddable":true,"href":"https:\/\/rivegaucheblois.fr\/index.php?rest_route=\/wp\/v2\/users\/1"}],"replies":[{"embeddable":true,"href":"https:\/\/rivegaucheblois.fr\/index.php?rest_route=%2Fwp%2Fv2%2Fcomments&post=9"}],"version-history":[{"count":23,"href":"https:\/\/rivegaucheblois.fr\/index.php?rest_route=\/wp\/v2\/pages\/9\/revisions"}],"predecessor-version":[{"id":1938,"href":"https:\/\/rivegaucheblois.fr\/index.php?rest_route=\/wp\/v2\/pages\/9\/revisions\/1938"}],"wp:attachment":[{"href":"https:\/\/rivegaucheblois.fr\/index.php?rest_route=%2Fwp%2Fv2%2Fmedia&parent=9"}],"curies":[{"name":"wp","href":"https:\/\/api.w.org\/{rel}","templated":true}]}}