{"id":745,"date":"2019-12-13T17:53:43","date_gmt":"2019-12-13T16:53:43","guid":{"rendered":"http:\/\/rivegaucheblois.fr\/?page_id=745"},"modified":"2023-01-26T19:48:37","modified_gmt":"2023-01-26T18:48:37","slug":"nouveau-permis-moto-2020","status":"publish","type":"page","link":"https:\/\/rivegaucheblois.fr\/?page_id=745","title":{"rendered":"DEROULEMENT DU PERMIS MOTO"},"content":{"rendered":"\n<figure class=\"wp-block-image size-large\"><img decoding=\"async\" loading=\"lazy\" width=\"1024\" height=\"164\" src=\"http:\/\/rivegaucheblois.fr\/wp-content\/uploads\/2023\/01\/deroulement-permis-moto-1024x164.jpg\" alt=\"\" class=\"wp-image-1768\" srcset=\"https:\/\/rivegaucheblois.fr\/wp-content\/uploads\/2023\/01\/deroulement-permis-moto-1024x164.jpg 1024w, https:\/\/rivegaucheblois.fr\/wp-content\/uploads\/2023\/01\/deroulement-permis-moto-300x48.jpg 300w, https:\/\/rivegaucheblois.fr\/wp-content\/uploads\/2023\/01\/deroulement-permis-moto-768x123.jpg 768w, https:\/\/rivegaucheblois.fr\/wp-content\/uploads\/2023\/01\/deroulement-permis-moto-1536x246.jpg 1536w, https:\/\/rivegaucheblois.fr\/wp-content\/uploads\/2023\/01\/deroulement-permis-moto.jpg 1600w\" sizes=\"(max-width: 1024px) 100vw, 1024px\" \/><\/figure>\n\n\n\n<h2 class=\"has-vivid-cyan-blue-color has-text-color\" id=\"tab-con-4\">Le syst\u00e8me de notation globale<\/h2>\n\n\n\n<p>Note A : Niveau bon<\/p>\n\n\n\n<p>Note B : Niveau satisfaisant<\/p>\n\n\n\n<p>Note C : Niveau insuffisant<\/p>\n\n\n\n<h4>Nombre d&rsquo;essais autoris\u00e9s<\/h4>\n\n\n\n<ul>\n<li>Pour la poussette, tu as le droit \u00e0 un essai \u200b<\/li>\n\n\n\n<li>Pour le tout-en-un, tu as le droit \u00e0 deux essai<\/li>\n<\/ul>\n\n\n\n<p>Pour valider un essai et donc obtenir ton plateau,&nbsp;<strong>il te faut soit un A soit un B.<\/strong>&nbsp;Si tu as un C au premier essai, il te reste encore ton 2e essai pour obtenir un A ou un B. ( sauf en cas de chute de la moto )<\/p>\n\n\n\n<h4>Comment on obtient chaque note ?<\/h4>\n\n\n\n<ul>\n<li>Si tu as r\u00e9alis\u00e9 l\u2019ensemble des exercices correctement, c\u2019est un A.<\/li>\n\n\n\n<li>Si tu as fait une erreur dans ton essai, c\u2019est un B.<\/li>\n\n\n\n<li>Si tu as fait deux erreurs dans ton essai, c\u2019est un C.<\/li>\n<\/ul>\n\n\n\n<p>\u00c7a c\u2019est le principe g\u00e9n\u00e9ral donc on va voir maintenant les erreurs g\u00e9n\u00e9rales qui sont \u00e9valu\u00e9es sur tout le parcours, on va voir juste apr\u00e8s les erreurs sp\u00e9cifiques \u00e0 chaque exercice.<\/p>\n\n\n\n<p><\/p>\n\n\n\n<h2 class=\"has-vivid-cyan-blue-color has-text-color\">Les erreurs g\u00e9n\u00e9rales \u00e9valu\u00e9es sur l&rsquo;ensemble du parcours tout-en-un du permis moto 2020<\/h2>\n\n\n\n<h4><strong>Erreurs \u00e9liminatoires<\/strong><\/h4>\n\n\n\n<ul>\n<li>La chute sur le tout-en-un est \u00e9liminatoire. L\u2019examen s\u2019arr\u00eate.&nbsp;<\/li>\n\n\n\n<li>(Sauf \u00e0 la poussette ou entre deux essais)<\/li>\n<\/ul>\n\n\n\n<h4><strong>Erreurs qui comptent comme B<\/strong><\/h4>\n\n\n\n<p>Il y a deux types d\u2019erreurs qui ne t\u2019am\u00e8neront pas un C directement mais qui compteront chacune comme une \u00ab croix \u00bb :<\/p>\n\n\n\n<ul>\n<li><strong>Le nombre de pieds pos\u00e9s&nbsp;<\/strong>sur le tout-en-un :<\/li>\n<\/ul>\n\n\n\n<p>Si tu as r\u00e9ussi la poussette sans faire d\u2019erreur, tu as le droit de poser 3 pieds sur le tout-en-un avant que \u00e7a compte comme une erreur.<\/p>\n\n\n\n<p>Sinon c\u2019est 2 pieds autoris\u00e9s sur le tout-en-un avant que \u00e7a compte comme une erreur.<\/p>\n\n\n\n<ul>\n<li><strong>Les c\u00f4nes et piquets d\u00e9plac\u00e9s<\/strong>,<\/li>\n<\/ul>\n\n\n\n<p>C\u00f4ne ou piquet n\u00e9cessitant une remise en place en cas de d\u00e9placement ou renversement.<\/p>\n\n\n\n<h4>E<strong>rreurs qui comptent comme C<\/strong><\/h4>\n\n\n\n<ul>\n<li>&#8211; toute erreur de parcours<\/li>\n\n\n\n<li>&#8211; toute sortie de parcours<\/li>\n\n\n\n<li>&#8211; tout obstacle ou porte non franchi<\/li>\n\n\n\n<li>&#8211; tout arr\u00eat en dehors de ceux qui sont pr\u00e9vus par le parcours (comme par exemple le demi-tour arr\u00eat\u00e9 ou la prise du passager, etc.)<\/li>\n\n\n\n<li>&#8211; tout exercice non r\u00e9alis\u00e9<\/li>\n\n\n\n<li>&#8211; toute chute de la moto, dans ce cas c\u2019est interruption imm\u00e9diate de l\u2019examen<\/li>\n<\/ul>\n\n\n\n<p><\/p>\n\n\n\n<h2 class=\"has-vivid-cyan-blue-color has-text-color\">Les erreurs sp\u00e9cifiques \u00e0 chaque exercices du parcours tout-en-un du permis moto 2020<\/h2>\n\n\n\n<h4><strong>Les erreurs possibles \u00e0 la poussette<\/strong><\/h4>\n\n\n\n<ul>\n<li>Sur la poussette, pour rappel, tu n\u2019as le droit qu\u2019\u00e0 un seul essai.<\/li>\n\n\n\n<li>En dehors des erreurs g\u00e9n\u00e9rales dont on vient de parler, la seule erreur que tu peux faire est de d\u00e9placer un c\u00f4ne AVEC LA MOTO.<\/li>\n\n\n\n<li>&nbsp;Prends bien note que \u00e7a compte comme une erreur que si c\u2019est la&nbsp;moto&nbsp;qui d\u00e9place le c\u00f4ne.<\/li>\n<\/ul>\n\n\n\n<h4><strong>Les erreurs possibles au parcours lent<\/strong><\/h4>\n\n\n\n<p>Tu es \u00e9valu\u00e9 de 2 fa\u00e7ons sur ta ma\u00eetrise de l\u2019allure lente : (Au bon vouloir de l&rsquo;inspecteur)<\/p>\n\n\n\n<h4>Au chronom\u00e8tre<\/h4>\n\n\n\n<ul>\n<li>Si tu fais&nbsp;<strong>16 secondes ou plus<\/strong>, tu as un A<\/li>\n\n\n\n<li>Si tu fais&nbsp;<strong>entre 14 et 16 secondes<\/strong>, c\u2019est un B<\/li>\n\n\n\n<li>Si tu fais&nbsp;<strong>moins de 14 secondes<\/strong>, c\u2019est un C<\/li>\n<\/ul>\n\n\n\n<h4>Sans chronom\u00e8tre (rare en examen)<\/h4>\n\n\n\n<ul>\n<li>Si tu utilises bien toutes tes commandes&nbsp;<strong>sur les 3 portes<\/strong>, c\u2019est un A<\/li>\n\n\n\n<li>Sur&nbsp;<strong>seulement 2 portes<\/strong>, c\u2019est un B<\/li>\n\n\n\n<li>Sur&nbsp;<strong>moins de 2 portes<\/strong>, c\u2019est un C<\/li>\n<\/ul>\n\n\n\n<p>Ces notations sont valables<strong>&nbsp;en dehors de toute autre erreur d\u00e9j\u00e0 commise<\/strong>. Si tu as d\u00e9j\u00e0 fait une erreur valant un B que tu en refais une deuxi\u00e8me, ce serait un C.<\/p>\n\n\n\n<p>D\u2019ailleurs, dernier point, si tu ne t\u2019arr\u00eates pas correctement entre la 1re ligne et celle du milieu<strong>&nbsp;au niveau du demi-tour arr\u00eat\u00e9<\/strong>, c\u2019est un C<\/p>\n\n\n\n<p><strong>Pour la partie avec passager<\/strong>, il n\u2019y a pas de chronom\u00e8tre qui s\u2019applique.<\/p>\n\n\n\n<h4><strong>Les erreurs possibles au freinage d&rsquo;urgence<\/strong><\/h4>\n\n\n\n<p>Sur le freinage d\u2019urgence, tu as 3 fa\u00e7ons d\u2019obtenir un C :<\/p>\n\n\n\n<ul>\n<li><strong>ne pas respecter la distance de freinage,<\/strong>&nbsp;c\u2019est \u00e0 dire quand tu d\u00e9passes la ligne C4 ou C5 selon si la piste est s\u00e8che ou mouill\u00e9e.<\/li>\n\n\n\n<li><strong>si tu as anticip\u00e9 le freinage d\u2019urgence<\/strong>, c\u2019est \u00e0 dire si tu commences ton freinage avant la ligne C6.<\/li>\n\n\n\n<li><strong>si tu ne respectes pas la vitesse minimum impos\u00e9e<\/strong>&nbsp;sur le parcours, c\u2019est \u00e0 dire 50 km\/h au moment du freinage donc \u00e0 la ligne c6 et c\u2019est mesur\u00e9 au radar donc un poil plus sur ton compteur selon ta b\u00e9cane<\/li>\n<\/ul>\n\n\n\n<p>Il y a \u00e9galement 3 fa\u00e7ons d\u2019obtenir un B :<\/p>\n\n\n\n<ul>\n<li><strong>si ta roue arri\u00e8re perd le contact avec le sol<\/strong>&nbsp;pendant le freinage.<\/li>\n\n\n\n<li><strong>si ton guidon bouge<\/strong>&nbsp;pendant ton freinage.<\/li>\n\n\n\n<li>&nbsp;<strong>si tu n\u2019es pas au moins en 3e vitesse<\/strong>&nbsp;au moment du freinage donc au niveau de C6<\/li>\n<\/ul>\n\n\n\n<p>Pas d&rsquo;erreur, c\u2019est un A si aucune erreur n&rsquo;a d\u00e9j\u00e0 \u00e9t\u00e9 commise auparavant.<\/p>\n\n\n\n<h4><strong>Les erreurs possibles \u00e0 l&rsquo;\u00e9vitement<\/strong><\/h4>\n\n\n\n<p>Sur l\u2019\u00e9vitement, tu auras un <strong>C<\/strong> <\/p>\n\n\n\n<ul>\n<li><strong>si tu tapes des cones<\/strong>&nbsp;dans l\u2019\u00e9vitement, n\u2019importe lesquels.<\/li>\n\n\n\n<li><strong>si tu ne respectes pas la vitesse minimum pendant le slalom<\/strong>, c\u2019est \u00e0 dire 40 km\/h radar mesur\u00e9e \u00e0 la ligne C7.<\/li>\n\n\n\n<li><strong>si tu ne respectes pas la vitesse minimum pendant l\u2019\u00e9vitement<\/strong>, c\u2019est \u00e0 dire 50 km\/h radar mesur\u00e9 \u00e0 la ligne C6 (une marge de tol\u00e9rence de 5 Km\/h peut \u00eatre appliqu\u00e9e pour cet exercice.)<\/li>\n<\/ul>\n\n\n\n<p>Tu auras un <strong>B<\/strong><\/p>\n\n\n\n<ul>\n<li><strong>si tu n\u2019es pas au moins en 3e vitesse<\/strong>&nbsp;au moment de l\u2019\u00e9vitement donc au niveau de C6<\/li>\n<\/ul>\n\n\n\n<p> Pas d&rsquo;erreur, c\u2019est un A si aucune erreur n&rsquo;a d\u00e9j\u00e0 \u00e9t\u00e9 commise auparavant. <\/p>\n\n\n<div class=\"wp-block-image\">\n<figure class=\"aligncenter size-large\"><img decoding=\"async\" loading=\"lazy\" width=\"1024\" height=\"682\" src=\"http:\/\/rivegaucheblois.fr\/wp-content\/uploads\/2020\/05\/carte_murale_des_parcours_moto-1024x682.png\" alt=\"\" class=\"wp-image-996\" srcset=\"https:\/\/rivegaucheblois.fr\/wp-content\/uploads\/2020\/05\/carte_murale_des_parcours_moto-1024x682.png 1024w, https:\/\/rivegaucheblois.fr\/wp-content\/uploads\/2020\/05\/carte_murale_des_parcours_moto-300x200.png 300w, https:\/\/rivegaucheblois.fr\/wp-content\/uploads\/2020\/05\/carte_murale_des_parcours_moto-768x512.png 768w, https:\/\/rivegaucheblois.fr\/wp-content\/uploads\/2020\/05\/carte_murale_des_parcours_moto.png 1126w\" sizes=\"(max-width: 1024px) 100vw, 1024px\" \/><\/figure><\/div>\n\n\n<p>voici une d\u00e9monstration du nouveau plateau<\/p>\n\n\n\n<iframe loading=\"lazy\" width=\"560\" height=\"315\" src=\"https:\/\/www.youtube.com\/embed\/WW3fCD5lSXM\" frameborder=\"0\" allow=\"accelerometer; autoplay; encrypted-media; gyroscope; picture-in-picture\" allowfullscreen=\"\"><\/iframe>\n\n\n\n<p><\/p>\n\n\n\n<h2 class=\"has-vivid-cyan-blue-color has-text-color\">Les changements de la circulation pour le permis moto 2020<\/h2>\n\n\n\n<p>Allongement de l&rsquo;\u00e9preuve de 5 min, l&rsquo;\u00e9preuve passe \u00e0 40 min.<\/p>\n\n\n\n<p>Evaluation des trajectoires de s\u00e9curit\u00e9 \u00ab\u00a0fa\u00e7on gendarmerie\u00a0\u00bb. Voir vid\u00e9o ci dessous. Nous vous conseillons de couper le sons si vous ne supportez pas la musique synth\u00e9 des ann\u00e9es 80.<\/p>\n\n\n\n<iframe loading=\"lazy\" width=\"962\" height=\"541\" src=\"https:\/\/www.youtube.com\/embed\/Wri92k3hlA0\" title=\"Permis Moto 2020 Bien comprendre la trajectoire de s\u00e9curit\u00e9\" frameborder=\"0\" allow=\"accelerometer; autoplay; clipboard-write; encrypted-media; gyroscope; picture-in-picture\" allowfullscreen=\"\"><\/iframe>\n","protected":false},"excerpt":{"rendered":"<p>Le syst\u00e8me de notation globale Note A : Niveau bon Note B : Niveau satisfaisant Note C : Niveau insuffisant Nombre d&rsquo;essais autoris\u00e9s Pour valider un essai et donc obtenir ton plateau,&nbsp;il te faut soit un A soit un B.&nbsp;Si tu as un C au premier essai, il te reste encore ton 2e essai pour [&hellip;]<\/p>\n","protected":false},"author":1,"featured_media":0,"parent":0,"menu_order":0,"comment_status":"closed","ping_status":"closed","template":"","meta":[],"_links":{"self":[{"href":"https:\/\/rivegaucheblois.fr\/index.php?rest_route=\/wp\/v2\/pages\/745"}],"collection":[{"href":"https:\/\/rivegaucheblois.fr\/index.php?rest_route=\/wp\/v2\/pages"}],"about":[{"href":"https:\/\/rivegaucheblois.fr\/index.php?rest_route=\/wp\/v2\/types\/page"}],"author":[{"embeddable":true,"href":"https:\/\/rivegaucheblois.fr\/index.php?rest_route=\/wp\/v2\/users\/1"}],"replies":[{"embeddable":true,"href":"https:\/\/rivegaucheblois.fr\/index.php?rest_route=%2Fwp%2Fv2%2Fcomments&post=745"}],"version-history":[{"count":28,"href":"https:\/\/rivegaucheblois.fr\/index.php?rest_route=\/wp\/v2\/pages\/745\/revisions"}],"predecessor-version":[{"id":1769,"href":"https:\/\/rivegaucheblois.fr\/index.php?rest_route=\/wp\/v2\/pages\/745\/revisions\/1769"}],"wp:attachment":[{"href":"https:\/\/rivegaucheblois.fr\/index.php?rest_route=%2Fwp%2Fv2%2Fmedia&parent=745"}],"curies":[{"name":"wp","href":"https:\/\/api.w.org\/{rel}","templated":true}]}}