{"id":73,"date":"2017-09-25T22:16:46","date_gmt":"2017-09-25T20:16:46","guid":{"rendered":"http:\/\/rivegaucheblois.fr\/?page_id=73"},"modified":"2025-01-15T10:00:32","modified_gmt":"2025-01-15T09:00:32","slug":"permis-a2","status":"publish","type":"page","link":"https:\/\/rivegaucheblois.fr\/?page_id=73","title":{"rendered":"Permis A2 &#8211; moto"},"content":{"rendered":"\n<h1><strong>Permis A2 &#8211; moto<\/strong><\/h1>\n\n\n<p><\/p>\n<p>Depuis le 1er mars 2020, le code moto (ETM) est obligatoire pour tout le monde, m\u00eame pour les titulaires du permis B depuis moins de 5 ans.<\/p>\n<p><a href=\"http:\/\/rivegaucheblois.fr\/?page_id=745\"><strong>D\u00e9tail examen permis moto 2020<\/strong><\/a><\/p>\n<p><img decoding=\"async\" loading=\"lazy\" class=\"aligncenter wp-image-1896 size-full\" src=\"http:\/\/rivegaucheblois.fr\/wp-content\/uploads\/2024\/01\/hornet-detouree-2023.jpg\" alt=\"\" width=\"2126\" height=\"1096\" srcset=\"https:\/\/rivegaucheblois.fr\/wp-content\/uploads\/2024\/01\/hornet-detouree-2023.jpg 2126w, https:\/\/rivegaucheblois.fr\/wp-content\/uploads\/2024\/01\/hornet-detouree-2023-300x155.jpg 300w, https:\/\/rivegaucheblois.fr\/wp-content\/uploads\/2024\/01\/hornet-detouree-2023-1024x528.jpg 1024w, https:\/\/rivegaucheblois.fr\/wp-content\/uploads\/2024\/01\/hornet-detouree-2023-768x396.jpg 768w, https:\/\/rivegaucheblois.fr\/wp-content\/uploads\/2024\/01\/hornet-detouree-2023-1536x792.jpg 1536w, https:\/\/rivegaucheblois.fr\/wp-content\/uploads\/2024\/01\/hornet-detouree-2023-2048x1056.jpg 2048w\" sizes=\"(max-width: 2126px) 100vw, 2126px\" \/><\/p>\n<p><strong>L\u2019auto-\u00e9cole RIVE GAUCHE \u00e0 Blois Vienne vous propose la formation au permis A2.<\/strong><\/p>\n<p><img decoding=\"async\" loading=\"lazy\" class=\"aligncenter size-full wp-image-767\" src=\"http:\/\/rivegaucheblois.fr\/wp-content\/uploads\/2020\/01\/materiel-obligatoire-2roues.jpg\" alt=\"\" width=\"567\" height=\"326\" srcset=\"https:\/\/rivegaucheblois.fr\/wp-content\/uploads\/2020\/01\/materiel-obligatoire-2roues.jpg 567w, https:\/\/rivegaucheblois.fr\/wp-content\/uploads\/2020\/01\/materiel-obligatoire-2roues-300x172.jpg 300w\" sizes=\"(max-width: 567px) 100vw, 567px\" \/><\/p>\n<h4><span style=\"color: #ff0000;\">Nous nous r\u00e9servons le droit de refuser tout \u00e9l\u00e8ve qui n\u2019aura pas l\u2019\u00e9quipement minimum n\u00e9cessaire \u00e0 la pratique du 2 roues.<\/span><\/h4>\n<h4><span style=\"color: #ff0000;\"><strong>&#8211; Casque homologu\u00e9<\/strong><\/span><br><span style=\"color: #ff0000;\"><strong>&#8211; Gants homologu\u00e9s<\/strong><\/span><br><span style=\"color: #ff0000;\"><strong>&#8211; Blouson avec protections<\/strong><\/span><br><span style=\"color: #ff0000;\"><strong>&#8211; Pantalon solide ( jean minimum)<\/strong><\/span><br><span style=\"color: #ff0000;\"><strong>&#8211; Chaussures montantes.<\/strong><\/span><\/h4>\n<h2 class=\"p1\"><span style=\"color: #ff6600;\"><strong>Frais administratifs &amp; fournitures p\u00e9dagogiques<\/strong><\/span><\/h2>\n<h2><span style=\"color: #ff6600;\"><strong>Formation code (uniquement en ligne)<\/strong><\/span><\/h2>\n<ul>\n<li style=\"list-style-type: none;\">\n<ul>\n<li>1 livre de code<\/li>\n<li>1 acc\u00e8s \u00e0 Pr\u00e9pacode<\/li>\n<\/ul>\n<\/li>\n<\/ul>\n<h2><span style=\"color: #ff6600;\"><strong>Formation conduite<\/strong><\/span><\/h2>\n<ul>\n<li style=\"list-style-type: none;\">\n<ul>\n<li>1 heure d\u2019\u00e9valuation<\/li>\n<li>20 heures de formation<\/li>\n<li>1 pr\u00e9sentation examen plateau<\/li>\n<li>1 pr\u00e9sentation examen conduite<\/li>\n<\/ul>\n<\/li>\n<\/ul>\n<h2 class=\"p1\"><strong><span style=\"color: #ff6600;\">Pi\u00e8ces \u00e0 fournir<\/span><\/strong><\/h2>\n<p class=\"p2\"><img decoding=\"async\" loading=\"lazy\" class=\"aligncenter size-full wp-image-1908\" src=\"http:\/\/rivegaucheblois.fr\/wp-content\/uploads\/2024\/01\/sur-lappli-a-telecharger.bmp\" alt=\"\" width=\"683\" height=\"70\" srcset=\"https:\/\/rivegaucheblois.fr\/wp-content\/uploads\/2024\/01\/sur-lappli-a-telecharger.bmp 683w, https:\/\/rivegaucheblois.fr\/wp-content\/uploads\/2024\/01\/sur-lappli-a-telecharger-300x31.jpg 300w\" sizes=\"(max-width: 683px) 100vw, 683px\" \/><\/p>\n<ul>\n<li style=\"list-style-type: none;\">\n<ul>\n<li>4 timbres postaux au tarif en vigueur.<\/li>\n<li>3 photos d\u2019identit\u00e9 (demander les <strong>e<\/strong>photo)<\/li>\n<li>1 PDF de la pi\u00e8ce d\u2019identit\u00e9 recto verso (sur 1 page)<\/li>\n<li>Justificatif de domicile datant de moins de 6 mois (si le justificatif est \u00e0 un autre nom, fournir \u00e9galement la PDF de la pi\u00e8ce d\u2019identit\u00e9 de l\u2019h\u00e9bergeant ainsi qu\u2019une attestation d\u2019h\u00e9bergement)<\/li>\n<li>1 PDF du permis de conduire recto\/verso<\/li>\n<li>Une adresse mail valide<\/li>\n<\/ul>\n<\/li>\n<\/ul>\n<h3><span style=\"color: #ff6600;\"><span class=\"s1\"><b>Entre 18 et 25 ans <\/b><\/span><b>: <\/b><\/span><\/h3>\n<ul>\n<li style=\"list-style-type: none;\">\n<ul>\n<li>ASSR 2 *<\/li>\n<li>1 photocopie du certificat individuel de participation \u00e0 la journ\u00e9e d\u00e9fense et citoyennet\u00e9 (JDC) ou attestation de situation vis \u00e0 vis du service national\n<ul>\n<li style=\"list-style-type: none;\">\n<ul>\n<li>Il est possible de demander un certificat provisoire en appelant au 02 38 65 21 32 ou par mail \u00e0 <a href=\"mailto:csn-orleans.sec.fct@intradef.gouv.fr\">csn-orleans.sec.fct@intradef.gouv.fr<\/a><\/li>\n<\/ul>\n<\/li>\n<\/ul>\n<\/li>\n<li>\n<h4>** sauf si titulaire du permis A1 ou B<\/h4>\n<\/li>\n<\/ul>\n<\/li>\n<\/ul>\n\n\n<div class=\"wp-block-button\"><a class=\"wp-block-button__link has-luminous-vivid-orange-background-color has-background wp-element-button\" href=\"http:\/\/rivegaucheblois.fr\/wp-content\/uploads\/2021\/07\/PISTE-MOTO.pdf\" target=\"_blank\" rel=\"noreferrer noopener\">INFO PISTE MOTO <\/a><\/div>\n","protected":false},"excerpt":{"rendered":"<p>Permis A2 &#8211; moto Depuis le 1er mars 2020, le code moto (ETM) est obligatoire pour tout le monde, m\u00eame pour les titulaires du permis B depuis moins de 5 ans. D\u00e9tail examen permis moto 2020 L\u2019auto-\u00e9cole RIVE GAUCHE \u00e0 Blois Vienne vous propose la formation au permis A2. Nous nous r\u00e9servons le droit de [&hellip;]<\/p>\n","protected":false},"author":1,"featured_media":0,"parent":0,"menu_order":0,"comment_status":"closed","ping_status":"closed","template":"","meta":[],"_links":{"self":[{"href":"https:\/\/rivegaucheblois.fr\/index.php?rest_route=\/wp\/v2\/pages\/73"}],"collection":[{"href":"https:\/\/rivegaucheblois.fr\/index.php?rest_route=\/wp\/v2\/pages"}],"about":[{"href":"https:\/\/rivegaucheblois.fr\/index.php?rest_route=\/wp\/v2\/types\/page"}],"author":[{"embeddable":true,"href":"https:\/\/rivegaucheblois.fr\/index.php?rest_route=\/wp\/v2\/users\/1"}],"replies":[{"embeddable":true,"href":"https:\/\/rivegaucheblois.fr\/index.php?rest_route=%2Fwp%2Fv2%2Fcomments&post=73"}],"version-history":[{"count":50,"href":"https:\/\/rivegaucheblois.fr\/index.php?rest_route=\/wp\/v2\/pages\/73\/revisions"}],"predecessor-version":[{"id":2190,"href":"https:\/\/rivegaucheblois.fr\/index.php?rest_route=\/wp\/v2\/pages\/73\/revisions\/2190"}],"wp:attachment":[{"href":"https:\/\/rivegaucheblois.fr\/index.php?rest_route=%2Fwp%2Fv2%2Fmedia&parent=73"}],"curies":[{"name":"wp","href":"https:\/\/api.w.org\/{rel}","templated":true}]}}