{"id":724,"date":"2019-12-04T14:33:52","date_gmt":"2019-12-04T13:33:52","guid":{"rendered":"http:\/\/rivegaucheblois.fr\/?page_id=724"},"modified":"2019-12-11T18:36:39","modified_gmt":"2019-12-11T17:36:39","slug":"programme-de-formation","status":"publish","type":"page","link":"https:\/\/rivegaucheblois.fr\/?page_id=724","title":{"rendered":"Programme de formation"},"content":{"rendered":"\n<p><strong>Parcours de formation \u00e0\nla cat\u00e9gorie B du permis de conduire<\/strong><\/p>\n\n\n\n<ul><li><em><a href=\"http:\/\/rivegaucheblois.fr\/?page_id=735\">Une \u00e9valuation de d\u00e9part<\/a> afin de d\u00e9terminer le nombre d\u2019heures moyen et le co\u00fbt de la formation <\/em><\/li><\/ul>\n\n\n\n<p><em>A la\nsuite de l\u2019\u00e9valuation effectu\u00e9e, nous vous proposons un parcours\nsp\u00e9cifique&nbsp;:<\/em><em><\/em><\/p>\n\n\n\n<p><em>&#8211; une formation\nth\u00e9orique : pr\u00e9paration \u00e0 l\u2019\u00e9preuve th\u00e9orique g\u00e9n\u00e9rale (ETG) par des cours de\ncode sur les th\u00e8mes&nbsp;:<\/em><em><\/em><\/p>\n\n\n\n<ul><li><em>dispositions\n     l\u00e9gales<\/em><em> en mati\u00e8re de circulation\n     routi\u00e8re<\/em><em><\/em><\/li><li><em>le\n     conducteur<\/em><em><\/em><\/li><li><em>la\n     route<\/em><em><\/em><\/li><li><em>les autres usagers de la route<\/em><em><\/em><\/li><li><em>r\u00e9glementation<\/em><em> g\u00e9n\u00e9rale et divers<\/em><em><\/em><\/li><li><em>pr\u00e9cautions<\/em><em> n\u00e9cessaires \u00e0 prendre en quittant le v\u00e9hicule<\/em><em><\/em><\/li><li><em>\u00e9l\u00e9ments\n     m\u00e9caniques<\/em><em> li\u00e9s \u00e0 la s\u00e9curit\u00e9 de la\n     conduite<\/em><em><\/em><\/li><li><em>\u00e9quipements\n     de s\u00e9curit\u00e9<\/em><em> des v\u00e9hicules<\/em><em><\/em><\/li><li><em>r\u00e8gles d\u2019utilisation du\n     v\u00e9hicule en relation avec le respect\n     de l\u2019environnement<\/em><em><\/em><\/li><\/ul>\n\n\n\n<p><em>Des cours sp\u00e9cifiques sur les\nth\u00e8mes&nbsp;:<\/em><em><\/em><\/p>\n\n\n\n<ul><li><em>Les distracteurs <\/em><em><\/em><\/li><li><em>L\u2019alcool<\/em><em><\/em><\/li><li><em>La vitesse<\/em><em><\/em><\/li><li><em>\u2026..<\/em><em><\/em><\/li><\/ul>\n\n\n\n<p><em>Lors de s\u00e9quences\nanim\u00e9es&nbsp; de 1 Heure organis\u00e9es chaque\nsemaine les samedis de 9h \u00e0 10h ou de 10h \u00e0 11h.<\/em><\/p>\n\n\n\n<p><em>Les cours th\u00e9oriques s\u2019effectuent en simultan\u00e9 des\ncours pratiques.<\/em><em><\/em><\/p>\n\n\n\n<p><em>Une formation pratique\ncomprenant mise en situation et de la&nbsp;\nth\u00e9orie de la conduite&nbsp; avec le\nprogramme suivant&nbsp;:<\/em><em><\/em><br><\/p>\n\n\n\n<table class=\"wp-block-table\"><tbody><tr><td>\n  Programme\n  de formation d\u00e9taill\u00e9\n  <\/td><\/tr><tr><td>\n  Comp\u00e9tences g\u00e9n\u00e9rales\n  <\/td><td>\n  Comp\u00e9tences\n  <\/td><\/tr><tr><td>\n  <strong>1. Ma\u00eetriser le v\u00e9hicule dans un trafic faible ou\n  nul<\/strong>\n  <em>Formation pratique hors circulation sur parking ou\n  lieu priv\u00e9, formation th\u00e9orique 1heure&nbsp;\n  (th\u00e9orie de l\u2019activit\u00e9 de conduite)<\/em>\n  <\/td><td>\n  Conna\u00eetre les\n  principaux organes et commandes du v\u00e9hicule, effectuer des v\u00e9rifications\n  int\u00e9rieures et ext\u00e9rieuresEntrer,\n  s\u2019installer au poste de conduite et en sortirTenir, tourner\n  le volant et maintenir la trajectoireD\u00e9marrer et\n  s\u2019arr\u00eaterDoser les\n  acc\u00e9l\u00e9rations et les freinages \u00e0 diverses alluresUtiliser la\n  boite de vitessesDiriger la\n  voiture en avant en ligne droite, en courbe en adaptant allure et trajectoireRegarder autour\n  de soi et avertirEffectuer une\n  marche arri\u00e8re et un demi-tour en s\u00e9curit\u00e9\n  \n  \n  \n  \n  \n  \n  \n  \n  <\/td><\/tr><tr><td>\n  <strong>2. Appr\u00e9hender la route et circuler dans les\n  conditions normales.<\/strong>\n  <strong>&nbsp;<\/strong>\n  <em>Formation pratique dans des conditions\n  normales de circulation, en agglom\u00e9ration de taille moyenne. formation\n  th\u00e9orique 1heure&nbsp; (th\u00e9orie de\n  l\u2019activit\u00e9 de conduite)<\/em>\n  <\/td><td>\n  Rechercher la\n  signalisation, les indices utiles et en tenir comptePositionner le\n  v\u00e9hicule sur la chauss\u00e9e et choisir la voie de circulationAdapter l\u2019allure\n  aux situationsD\u00e9tecter,\n  identifier et franchir les intersections suivant le r\u00e9gime de priorit\u00e9Tourner \u00e0 droite\n  et \u00e0 gauche en agglom\u00e9rationFranchir les\n  ronds-points et les carrefours \u00e0 sens giratoireS\u2019arr\u00eater et\n  stationner en \u00e9pi, en bataille en cr\u00e9neau\n  \n  \n  \n  \n  \n  \n  <\/td><\/tr><tr><td>\n  <strong>3. Circuler\n  dans des conditions difficiles et partager la route avec les autres usagers<\/strong>\n  <strong>&nbsp;<\/strong>\n  <em>Formation pratique hors agglom\u00e9ration sur voie\n  rapide et en agglom\u00e9ration en circulation dense. formation th\u00e9orique 1heure\n  (th\u00e9orie de l\u2019activit\u00e9 de conduite)<\/em><strong><em><\/em><\/strong>\n  <\/td><td>\n  Evaluer et\n  maintenir les distances de s\u00e9curit\u00e9Croiser,\n  d\u00e9passer et \u00eatre d\u00e9pass\u00e9Passer des\n  virages et conduire en d\u00e9clivit\u00e9Conna\u00eetre les\n  caract\u00e9ristiques des autres usagers et savoir se comporter \u00e0 leur \u00e9gard avec\n  respect et courtoisieS\u2019ins\u00e9rer,\n  circuler et sortir d\u2019une voie rapideConduire dans\n  une file de v\u00e9hicules et dans une circulation denseConduire quand\n  l\u2019adh\u00e9rence et la visibilit\u00e9 sont r\u00e9duitesConduire \u00e0\n  l\u2019abord et dans la travers\u00e9e d\u2019ouvrages routiers tels que les tunnels, les\n  ponts, les passages \u00e0 niveau\n  \n  \n  \n  \n  \n  \n  \n  <\/td><\/tr><tr><td>\n  <strong>4. Pratiquer une conduite autonome, s\u00fbre et\n  \u00e9conomique<\/strong>\n  <strong>&nbsp;<\/strong>\n  <em>Formation pratique sur tous types de routes.<\/em>\n  <em>L\u2019acquisition de l\u2019autonomie s\u2019effectue par\n  des exercices pratiques en autonomie durant les cours et ou par un voyage\n  \u00e9cole.<\/em>\n  <em>&nbsp;formation th\u00e9orique 1heure&nbsp; (th\u00e9orie de l\u2019activit\u00e9 de conduite)<\/em>\n  <\/td><td>\n  Suivre un\n  itin\u00e9raire de mani\u00e8re autonomePr\u00e9parer et\n  effectuer un voyage longue distance en autonomieConna\u00eetre les\n  principaux facteurs de risque au volant et les recommandations \u00e0 appliquerConna\u00eetre les\n  comportements \u00e0 adopter en cas d\u2019accident&nbsp;: prot\u00e9ger, alerter, secourirFaire\n  l\u2019exp\u00e9rience des aides \u00e0 la conduite des v\u00e9hiculesAvoir des\n  notions sur l\u2019entretien le d\u00e9pannage et les situations d\u2019urgencePratiquer\n  l\u2019\u00e9co-conduite\n  \n  \n  \n  \n  \n  \n  <\/td><\/tr><\/tbody><\/table>\n","protected":false},"excerpt":{"rendered":"<p>Parcours de formation \u00e0 la cat\u00e9gorie B du permis de conduire Une \u00e9valuation de d\u00e9part afin de d\u00e9terminer le nombre d\u2019heures moyen et le co\u00fbt de la formation A la suite de l\u2019\u00e9valuation effectu\u00e9e, nous vous proposons un parcours sp\u00e9cifique&nbsp;: &#8211; une formation th\u00e9orique : pr\u00e9paration \u00e0 l\u2019\u00e9preuve th\u00e9orique g\u00e9n\u00e9rale (ETG) par des cours de [&hellip;]<\/p>\n","protected":false},"author":1,"featured_media":0,"parent":0,"menu_order":0,"comment_status":"closed","ping_status":"closed","template":"","meta":[],"_links":{"self":[{"href":"https:\/\/rivegaucheblois.fr\/index.php?rest_route=\/wp\/v2\/pages\/724"}],"collection":[{"href":"https:\/\/rivegaucheblois.fr\/index.php?rest_route=\/wp\/v2\/pages"}],"about":[{"href":"https:\/\/rivegaucheblois.fr\/index.php?rest_route=\/wp\/v2\/types\/page"}],"author":[{"embeddable":true,"href":"https:\/\/rivegaucheblois.fr\/index.php?rest_route=\/wp\/v2\/users\/1"}],"replies":[{"embeddable":true,"href":"https:\/\/rivegaucheblois.fr\/index.php?rest_route=%2Fwp%2Fv2%2Fcomments&post=724"}],"version-history":[{"count":3,"href":"https:\/\/rivegaucheblois.fr\/index.php?rest_route=\/wp\/v2\/pages\/724\/revisions"}],"predecessor-version":[{"id":742,"href":"https:\/\/rivegaucheblois.fr\/index.php?rest_route=\/wp\/v2\/pages\/724\/revisions\/742"}],"wp:attachment":[{"href":"https:\/\/rivegaucheblois.fr\/index.php?rest_route=%2Fwp%2Fv2%2Fmedia&parent=724"}],"curies":[{"name":"wp","href":"https:\/\/api.w.org\/{rel}","templated":true}]}}