{"id":72,"date":"2017-09-25T22:16:46","date_gmt":"2017-09-25T20:16:46","guid":{"rendered":"http:\/\/rivegaucheblois.fr\/?page_id=72"},"modified":"2025-01-15T09:57:59","modified_gmt":"2025-01-15T08:57:59","slug":"permis-a1","status":"publish","type":"page","link":"https:\/\/rivegaucheblois.fr\/?page_id=72","title":{"rendered":"Permis A1 &#8211; 125cc"},"content":{"rendered":"\n<h1>Permis A1 &#8211; 125cc<\/h1>\n\n\n<p>Depuis le 1er mars 2020, le code moto (ETM) est obligatoire pour tout le monde, m\u00eame pour les titulaires du permis B depuis moins de 5 ans.<\/p>\n<p><a href=\"http:\/\/rivegaucheblois.fr\/?page_id=745\"><strong>D\u00e9tail examen permis moto 2020<\/strong><\/a><\/p>\n<p><img decoding=\"async\" loading=\"lazy\" class=\"aligncenter size-full wp-image-1872\" src=\"http:\/\/rivegaucheblois.fr\/wp-content\/uploads\/2023\/10\/CB125F-detouree.jpg\" alt=\"\" width=\"787\" height=\"610\" srcset=\"https:\/\/rivegaucheblois.fr\/wp-content\/uploads\/2023\/10\/CB125F-detouree.jpg 787w, https:\/\/rivegaucheblois.fr\/wp-content\/uploads\/2023\/10\/CB125F-detouree-300x233.jpg 300w, https:\/\/rivegaucheblois.fr\/wp-content\/uploads\/2023\/10\/CB125F-detouree-768x595.jpg 768w\" sizes=\"(max-width: 787px) 100vw, 787px\" \/><\/p>\n<p><strong>L\u2019auto-\u00e9cole RIVE GAUCHE \u00e0 Blois Vienne vous propose la formation au permis A1.<\/strong><\/p>\n<p>Ce permis s&rsquo;adresse aux personnes qui souhaitent conduire une moto l\u00e9g\u00e8re ne d\u00e9passant pas 125 cm3 et dont la puissance n&rsquo;exc\u00e8de pas 11 Kw.<\/p>\n<p><img decoding=\"async\" loading=\"lazy\" class=\"aligncenter size-full wp-image-767\" src=\"http:\/\/rivegaucheblois.fr\/wp-content\/uploads\/2020\/01\/materiel-obligatoire-2roues.jpg\" alt=\"\" width=\"567\" height=\"326\" srcset=\"https:\/\/rivegaucheblois.fr\/wp-content\/uploads\/2020\/01\/materiel-obligatoire-2roues.jpg 567w, https:\/\/rivegaucheblois.fr\/wp-content\/uploads\/2020\/01\/materiel-obligatoire-2roues-300x172.jpg 300w\" sizes=\"(max-width: 567px) 100vw, 567px\" \/><\/p>\n<h4><span style=\"color: #ff0000;\">Nous nous r\u00e9servons le droit de refuser tout \u00e9l\u00e8ve qui n\u2019aura pas l\u2019\u00e9quipement minimum n\u00e9cessaire \u00e0 la pratique du 2 roues.<\/span><\/h4>\n<h4><span style=\"color: #ff0000;\"><strong>&#8211; Casque homologu\u00e9<\/strong><\/span><br \/><span style=\"color: #ff0000;\"><strong>&#8211; Gants homologu\u00e9s<\/strong><\/span><br \/><span style=\"color: #ff0000;\"><strong>&#8211; Blouson avec protections<\/strong><\/span><br \/><span style=\"color: #ff0000;\"><strong>&#8211; Pantalon solide ( jean minimum)<\/strong><\/span><br \/><span style=\"color: #ff0000;\"><strong>&#8211; Chaussures montantes.<\/strong><\/span><\/h4>\n<hr \/>\n<h2 class=\"p1\"><strong><span style=\"color: #ff6600;\">Frais administratifs &amp; fournitures p\u00e9dagogiques<\/span><\/strong><\/h2>\n<h2><strong><span style=\"color: #ff6600;\">Formation code uniquement en ligne<\/span><\/strong><\/h2>\n<ul>\n<li style=\"list-style-type: none;\">\n<ul>\n<li>1 livre de code<\/li>\n<li>1 acc\u00e8s \u00e0 Prepacode<\/li>\n<\/ul>\n<\/li>\n<\/ul>\n<h2><strong><span style=\"color: #ff6600;\">Formation conduite<\/span><\/strong><\/h2>\n<ul>\n<li style=\"list-style-type: none;\">\n<ul>\n<li>1 heure d\u2019\u00e9valuation<\/li>\n<li>20 heures de formation<\/li>\n<li>1 pr\u00e9sentation examen plateau<\/li>\n<li>1 pr\u00e9sentation examen conduite<\/li>\n<\/ul>\n<\/li>\n<\/ul>\n<ul>\n<li style=\"list-style-type: none;\">\n<ul>\n<li>\n<h2><strong><span style=\"color: #ff6600;\">Pi\u00e8ces \u00e0 fournir<\/span><\/strong><\/h2>\n<p class=\"p2\"><img decoding=\"async\" loading=\"lazy\" class=\"aligncenter size-full wp-image-1908\" src=\"http:\/\/rivegaucheblois.fr\/wp-content\/uploads\/2024\/01\/sur-lappli-a-telecharger.bmp\" alt=\"\" width=\"683\" height=\"70\" srcset=\"https:\/\/rivegaucheblois.fr\/wp-content\/uploads\/2024\/01\/sur-lappli-a-telecharger.bmp 683w, https:\/\/rivegaucheblois.fr\/wp-content\/uploads\/2024\/01\/sur-lappli-a-telecharger-300x31.jpg 300w\" sizes=\"(max-width: 683px) 100vw, 683px\" \/><\/p>\n<ul>\n<li style=\"list-style-type: none;\">\n<ul>\n<li>4 timbres postaux au tarif en vigueur<\/li>\n<li>3 photos d\u2019identit\u00e9 (demander les <strong>e<\/strong>photo)<\/li>\n<li>1 PDF de la pi\u00e8ce d\u2019identit\u00e9 recto\/verso sur 1 page<\/li>\n<li>1 PDF du permis AM (BSR) recto\/verso sur 1 page si titulaire<\/li>\n<li>Justificatif de domicile datant de moins de 6 mois.(si le justificatif est \u00e0 un autre nom, fournir \u00e9galement le PDF de la pi\u00e8ce d\u2019identit\u00e9 de l\u2019h\u00e9bergeant ainsi qu\u2019une attestation d\u2019h\u00e9bergement)<\/li>\n<li>Adresse mail valide<\/li>\n<\/ul>\n<\/li>\n<\/ul>\n<h4><em><span style=\"color: #ff6600;\"><strong>entre 16 et 17 ans<\/strong><\/span><\/em><\/h4>\n<ul>\n<li style=\"list-style-type: none;\">\n<ul>\n<li>ASSR 2<\/li>\n<\/ul>\n<\/li>\n<\/ul>\n<h4><em><span style=\"color: #ff6600;\"><strong>entre 17 et 25 ans<\/strong><\/span><\/em><\/h4>\n<ul>\n<li style=\"list-style-type: none;\">\n<ul>\n<li>ASSR 2<\/li>\n<li>1 PDF du certificat individuel de participation \u00e0 la journ\u00e9e d\u00e9fense et citoyennet\u00e9 (JDC) ou attestation de situation vis \u00e0 vis du service national<\/li>\n<li>Il est possible de demander un certificat provisoire en appelant au 02 38 65 21 32 ou par mail \u00e0 <a href=\"mailto:csn-orleans.sec.fct@intradef.gouv.fr\">csn-orleans.sec.fct@intradef.gouv.fr<\/a><\/li>\n<\/ul>\n<\/li>\n<\/ul>\n<h4>\u00a0<\/h4>\n<\/li>\n<\/ul>\n<\/li>\n<\/ul>\n<p><span style=\"border-top-left-radius: 2px; border-top-right-radius: 2px; border-bottom-right-radius: 2px; border-bottom-left-radius: 2px; text-indent: 20px; width: auto; padding: 0px 4px 0px 0px; text-align: center; font-style: normal; font-variant-caps: normal; font-weight: bold; font-size: 11px; line-height: 20px; font-family: 'Helvetica Neue', Helvetica, sans-serif; color: #ffffff; background-image: url(data:image\/svg+xml; base64,phn2zyb4bwxucz0iahr0cdovl3d3dy53my5vcmcvmjawmc9zdmciighlawdodd0imzbwecigd2lkdgg9ijmwchgiihzpzxdcb3g9ii0xic0xidmxidmxij48zz48cgf0acbkpsjnmjkundq5lde0ljy2mibdmjkundq5ldiyljcymiaymi44njgsmjkumju2ide0ljc1ldi5lji1nibdni42mzismjkumju2idaumduxldiyljcymiawlja1mswxnc42njigqzaumduxldyunjaxidyunjmyldaumdy3ide0ljc1ldaumdy3iemymi44njgsmc4wnjcgmjkundq5ldyunjaxidi5ljq0oswxnc42njiiigzpbgw9iinmzmyiihn0cm9rzt0ii2zmziigc3ryb2tllxdpzhropsixij48l3bhdgg+phbhdgggzd0itte0ljczmywxljy4nibdny41mtysms42odygms42njusny40otugms42njusmtqunjyyiemxljy2nswymc4xntkgns4xmdksmjquodu0idkuotcsmjyunzq0iem5ljg1niwyns43mtggos43ntmsmjqumtqzidewljaxniwymy4wmjigqzewlji1mywymi4wmsaxms41ndgsmtyuntcyidexlju0ocwxni41nzigqzexlju0ocwxni41nzigmteumtu3lde1ljc5nsaxms4xntcsmtqunjq2iemxms4xntcsmtiuodqyideyljixmswxms40otugmtmuntiyldexljq5nsbdmtqunjm3ldexljq5nsaxns4xnzusmtiumzi2ide1lje3nswxmy4zmjmgqze1lje3nswxnc40mzygmtqundyylde2ljegmtqumdkzlde3ljy0mybdmtmunzg1lde4ljkznsaxnc43ndusmtkuotg4ide2ljayocwxos45odggqze4ljm1mswxos45odggmjaumtm2lde3lju1niaymc4xmzysmtqumdq2iemymc4xmzysmtauotm5ide3ljg4ocw4ljc2nyaxnc42nzgsoc43njcgqzewljk1osw4ljc2nya4ljc3nywxms41mzygoc43nzcsmtqumzk4iem4ljc3nywxns41mtmgos4ymswxni43mdkgos43ndksmtcumzu5iem5ljg1niwxny40odggos44nzismtcunia5ljg0lde3ljczmsbdos43ndesmtgumtqxidkuntismtkumdizidkundc3lde5ljiwmybdos40miwxos40nca5lji4ocwxos40otegos4wncwxos4znzygqzcunda4lde4ljyymia2ljm4nywxni4yntigni4zodcsmtqumzq5iem2ljm4nywxmc4yntygos4zodmsni40otcgmtuumdiyldyundk3iemxos41ntusni40otcgmjmumdc4ldkunza1idizlja3ocwxmy45otegqzizlja3ocwxoc40njmgmjaumjm5ldiylja2miaxni4yotcsmjiumdyyiemxnc45nzmsmjiumdyyidezljcyocwyms4znzkgmtmumzayldiwlju3mibdmtmumzayldiwlju3miaxmi42ndcsmjmumdugmtiundg4ldizljy1nybdmtiumtkzldi0ljc4ncaxms4zotysmjyumtk2idewljg2mywyny4wntggqzeylja4niwyny40mzqgmtmumzg2ldi3ljyznyaxnc43mzmsmjcunjm3iemyms45nswyny42mzcgmjcuodaxldixljgyocayny44mdesmtqunjyyiemyny44mdesny40otugmjeuotusms42odygmtqunzmzldeunjg2iibmawxspsijymqwodfjij48l3bhdgg+pc9npjwvc3znpg==); background-size: 14px 14px; background-color: #bd081c; position: absolute; opacity: 1; z-index: 8675309; display: none; cursor: pointer; border: none; -webkit-font-smoothing: antialiased; top: 279px; left: 20px; background-position: 3px 50%; background-repeat: no-repeat no-repeat;\">Enregistrer<\/span><span style=\"border-top-left-radius: 2px; border-top-right-radius: 2px; border-bottom-right-radius: 2px; border-bottom-left-radius: 2px; text-indent: 20px; width: auto; padding: 0px 4px 0px 0px; text-align: center; font-style: normal; font-variant-caps: normal; font-weight: bold; font-size: 11px; line-height: 20px; font-family: 'Helvetica Neue', Helvetica, sans-serif; color: #ffffff; background-image: url(data:image\/svg+xml; base64,phn2zyb4bwxucz0iahr0cdovl3d3dy53my5vcmcvmjawmc9zdmciighlawdodd0imzbwecigd2lkdgg9ijmwchgiihzpzxdcb3g9ii0xic0xidmxidmxij48zz48cgf0acbkpsjnmjkundq5lde0ljy2mibdmjkundq5ldiyljcymiaymi44njgsmjkumju2ide0ljc1ldi5lji1nibdni42mzismjkumju2idaumduxldiyljcymiawlja1mswxnc42njigqzaumduxldyunjaxidyunjmyldaumdy3ide0ljc1ldaumdy3iemymi44njgsmc4wnjcgmjkundq5ldyunjaxidi5ljq0oswxnc42njiiigzpbgw9iinmzmyiihn0cm9rzt0ii2zmziigc3ryb2tllxdpzhropsixij48l3bhdgg+phbhdgggzd0itte0ljczmywxljy4nibdny41mtysms42odygms42njusny40otugms42njusmtqunjyyiemxljy2nswymc4xntkgns4xmdksmjquodu0idkuotcsmjyunzq0iem5ljg1niwyns43mtggos43ntmsmjqumtqzidewljaxniwymy4wmjigqzewlji1mywymi4wmsaxms41ndgsmtyuntcyidexlju0ocwxni41nzigqzexlju0ocwxni41nzigmteumtu3lde1ljc5nsaxms4xntcsmtqunjq2iemxms4xntcsmtiuodqyideyljixmswxms40otugmtmuntiyldexljq5nsbdmtqunjm3ldexljq5nsaxns4xnzusmtiumzi2ide1lje3nswxmy4zmjmgqze1lje3nswxnc40mzygmtqundyylde2ljegmtqumdkzlde3ljy0mybdmtmunzg1lde4ljkznsaxnc43ndusmtkuotg4ide2ljayocwxos45odggqze4ljm1mswxos45odggmjaumtm2lde3lju1niaymc4xmzysmtqumdq2iemymc4xmzysmtauotm5ide3ljg4ocw4ljc2nyaxnc42nzgsoc43njcgqzewljk1osw4ljc2nya4ljc3nywxms41mzygoc43nzcsmtqumzk4iem4ljc3nywxns41mtmgos4ymswxni43mdkgos43ndksmtcumzu5iem5ljg1niwxny40odggos44nzismtcunia5ljg0lde3ljczmsbdos43ndesmtgumtqxidkuntismtkumdizidkundc3lde5ljiwmybdos40miwxos40nca5lji4ocwxos40otegos4wncwxos4znzygqzcunda4lde4ljyymia2ljm4nywxni4yntigni4zodcsmtqumzq5iem2ljm4nywxmc4yntygos4zodmsni40otcgmtuumdiyldyundk3iemxos41ntusni40otcgmjmumdc4ldkunza1idizlja3ocwxmy45otegqzizlja3ocwxoc40njmgmjaumjm5ldiylja2miaxni4yotcsmjiumdyyiemxnc45nzmsmjiumdyyidezljcyocwyms4znzkgmtmumzayldiwlju3mibdmtmumzayldiwlju3miaxmi42ndcsmjmumdugmtiundg4ldizljy1nybdmtiumtkzldi0ljc4ncaxms4zotysmjyumtk2idewljg2mywyny4wntggqzeylja4niwyny40mzqgmtmumzg2ldi3ljyznyaxnc43mzmsmjcunjm3iemyms45nswyny42mzcgmjcuodaxldixljgyocayny44mdesmtqunjyyiemyny44mdesny40otugmjeuotusms42odygmtqunzmzldeunjg2iibmawxspsijymqwodfjij48l3bhdgg+pc9npjwvc3znpg==); background-size: 14px 14px; background-color: #bd081c; position: absolute; opacity: 1; z-index: 8675309; display: none; cursor: pointer; border: none; -webkit-font-smoothing: antialiased; top: 279px; left: 20px; background-position: 3px 50%; background-repeat: no-repeat no-repeat;\">Enregistrer<\/span><\/p>\n\n\n<div class=\"wp-block-button\"><a class=\"wp-block-button__link has-luminous-vivid-orange-background-color has-background wp-element-button\" href=\"http:\/\/rivegaucheblois.fr\/wp-content\/uploads\/2021\/07\/PISTE-MOTO.pdf\">INFO PISTE MOTO<\/a><\/div>\n","protected":false},"excerpt":{"rendered":"<p>Permis A1 &#8211; 125cc Depuis le 1er mars 2020, le code moto (ETM) est obligatoire pour tout le monde, m\u00eame pour les titulaires du permis B depuis moins de 5 ans. D\u00e9tail examen permis moto 2020 L\u2019auto-\u00e9cole RIVE GAUCHE \u00e0 Blois Vienne vous propose la formation au permis A1. Ce permis s&rsquo;adresse aux personnes qui [&hellip;]<\/p>\n","protected":false},"author":1,"featured_media":0,"parent":0,"menu_order":0,"comment_status":"closed","ping_status":"closed","template":"","meta":[],"_links":{"self":[{"href":"https:\/\/rivegaucheblois.fr\/index.php?rest_route=\/wp\/v2\/pages\/72"}],"collection":[{"href":"https:\/\/rivegaucheblois.fr\/index.php?rest_route=\/wp\/v2\/pages"}],"about":[{"href":"https:\/\/rivegaucheblois.fr\/index.php?rest_route=\/wp\/v2\/types\/page"}],"author":[{"embeddable":true,"href":"https:\/\/rivegaucheblois.fr\/index.php?rest_route=\/wp\/v2\/users\/1"}],"replies":[{"embeddable":true,"href":"https:\/\/rivegaucheblois.fr\/index.php?rest_route=%2Fwp%2Fv2%2Fcomments&post=72"}],"version-history":[{"count":46,"href":"https:\/\/rivegaucheblois.fr\/index.php?rest_route=\/wp\/v2\/pages\/72\/revisions"}],"predecessor-version":[{"id":2188,"href":"https:\/\/rivegaucheblois.fr\/index.php?rest_route=\/wp\/v2\/pages\/72\/revisions\/2188"}],"wp:attachment":[{"href":"https:\/\/rivegaucheblois.fr\/index.php?rest_route=%2Fwp%2Fv2%2Fmedia&parent=72"}],"curies":[{"name":"wp","href":"https:\/\/api.w.org\/{rel}","templated":true}]}}