{"id":717,"date":"2019-12-04T14:23:36","date_gmt":"2019-12-04T13:23:36","guid":{"rendered":"http:\/\/rivegaucheblois.fr\/?page_id=717"},"modified":"2024-04-19T14:03:35","modified_gmt":"2024-04-19T12:03:35","slug":"reglement-interieur","status":"publish","type":"page","link":"https:\/\/rivegaucheblois.fr\/?page_id=717","title":{"rendered":"REGLEMENT INTERIEUR"},"content":{"rendered":"\n<p><strong>R\u00e8glement int\u00e9rieur Rive Gauche Auto Ecole<\/strong><\/p>\n\n\n\n<p><strong>I \/ OBJET ET CHAMP D\u2019APPLICATION<\/strong><\/p>\n\n\n\n<p><strong><em>Article 1&nbsp;: Objet<\/em><\/strong><\/p>\n\n\n\n<p>Conform\u00e9ment\naux dispositions de l\u2019article L 920-5-1 du code de travail, le pr\u00e9sent r\u00e8glement\nint\u00e9rieur a pour objet de pr\u00e9ciser certaines dispositions s\u2019appliquant \u00e0 tout\nstagiaire b\u00e9n\u00e9ficiaire d\u2019une formation dispens\u00e9e par Rive Gauche Auto Ecole.<\/p>\n\n\n\n<p>Ces\ndispositions sont relatives&nbsp;:<\/p>\n\n\n\n<ul>\n<li>aux&nbsp;\nmesures et mati\u00e8re d\u2019hygi\u00e8ne et de s\u00e9curit\u00e9<\/li>\n\n\n\n<li>aux r\u00e8gles de discipline<\/li>\n\n\n\n<li>aux modalit\u00e9s de repr\u00e9sentation des\nstagiaires.<\/li>\n<\/ul>\n\n\n\n<p><strong><em>Article 2&nbsp;: Champ d\u2019application<\/em><\/strong><\/p>\n\n\n\n<p>Ce\nr\u00e8glement s\u2019applique \u00e0 tous les stagiaires sans restriction, suivant une\nformation dispens\u00e9e par Rive Gauche Auto Ecole, dans le but de permettre un fonctionnement\nr\u00e9gulier des missions de formation propos\u00e9es, quels que soient les sites o\u00f9 ces\nformations peuvent s\u2019ex\u00e9cuter.<\/p>\n\n\n\n<p>Les\ndispositions du pr\u00e9sent r\u00e8glement sont applicables non seulement dans\nl\u2019\u00e9tablissement proprement dit, mais aussi dans tout local ou espace accessoire\n\u00e0 l\u2019organisme.<\/p>\n\n\n\n<p><strong>II \/ HYGIENE ET SECURITE<\/strong><\/p>\n\n\n\n<p><strong><em>Article 3&nbsp;: Dispositions g\u00e9n\u00e9rales<\/em><\/strong><\/p>\n\n\n\n<p>En\nmati\u00e8re d\u2019hygi\u00e8ne et de s\u00e9curit\u00e9, chaque stagiaire, doit se conformer\nstrictement tant aux prescriptions g\u00e9n\u00e9rales qu\u2019aux consignes particuli\u00e8res qui\nseront port\u00e9es \u00e0 sa connaissance par affiches, instructions notes de service ou\npar tout autre moyen.<\/p>\n\n\n\n<p>Il\nest demand\u00e9 aux stagiaires de respecter les lieux dans lesquels la formation\nest dispens\u00e9e, ainsi que le mat\u00e9riel susceptible d\u2019\u00eatre mis \u00e0 leur disposition.<\/p>\n\n\n\n<p><strong><em>A &#8211;\nHygi\u00e8ne<\/em><\/strong><\/p>\n\n\n\n<p><strong><em>Article 4&nbsp;: Boissons alcoolis\u00e9es, Drogue<\/em><\/strong><\/p>\n\n\n\n<p>Il\nest interdit de p\u00e9n\u00e9trer ou de demeurer dans l\u2019\u00e9tablissement en \u00e9tat d\u2019ivresse\nou sous l\u2019emprise de produits psycho-actifs.<\/p>\n\n\n\n<p>Il\nest \u00e9galement interdit d\u2019introduire ou de distribuer dans les locaux de la\ndrogue ou des boissons alcoolis\u00e9es.<\/p>\n\n\n\n<p>Tout\ncomportement faisant appara\u00eetre la consommation de produits psycho-actifs\naboutira \u00e0 l\u2019exclusion d\u00e9finitive du stagiaire.<\/p>\n\n\n\n<p><strong><em>Article 5&nbsp;: Installations sanitaires<\/em><\/strong><\/p>\n\n\n\n<p>Des\ntoilettes et lavabos sont mis \u00e0 la disposition des stagiaires.<\/p>\n\n\n\n<p>Ces\ninstallations doivent \u00eatre tenues en \u00e9tat constant de propret\u00e9.<\/p>\n\n\n\n<p><strong><em>B-&nbsp; S\u00e9curit\u00e9<\/em><\/strong><\/p>\n\n\n\n<p><strong><em>Article 6&nbsp;: R\u00e8gles g\u00e9n\u00e9rales relatives \u00e0 la protection\ncontre les accidents<\/em><\/strong><\/p>\n\n\n\n<p>Tout\nstagiaire est tenu d\u2019utiliser tous les moyens de protection individuels et\ncollectifs mis \u00e0 sa disposition pour \u00e9viter les accidents et de respecter\nstrictement les consignes particuli\u00e8res donn\u00e9es \u00e0 cet effet.<\/p>\n\n\n\n<p><strong><em>Article 7&nbsp;: R\u00e8gles relatives \u00e0 la pr\u00e9vention des\nincendies<\/em><\/strong><\/p>\n\n\n\n<p>Tout\nstagiaire est tenu de respecter scrupuleusement les consignes relatives \u00e0 la\npr\u00e9vention des incendies.<\/p>\n\n\n\n<p>Il\nest interdit de fumer dans les salles o\u00f9 se d\u00e9roulent les formations ainsi que\ndans les annexes, zones de pause, toilettes&#8230;<\/p>\n\n\n\n<p>Il\nest interdit de d\u00e9poser et de laisser s\u00e9journer des mati\u00e8res inflammables dans\nles escaliers, passages, couloirs, sous les escaliers ainsi qu\u2019\u00e0 proximit\u00e9 des\nissues des locaux et b\u00e2timents.<\/p>\n\n\n\n<p><strong><em>Article 8&nbsp;: Obligation d\u2019alerte et droit de retrait<\/em><\/strong><\/p>\n\n\n\n<p>Tout\nstagiaire ayant un motif raisonnable de penser qu\u2019une situation pr\u00e9sente un\ndanger grave et imminent pour sa vie ou sa sant\u00e9 a le droit de quitter les\nlocaux du stage.<\/p>\n\n\n\n<p>Toutefois,\ncette facult\u00e9 doit \u00eatre exerc\u00e9e de telle mani\u00e8re qu\u2019elle ne puisse cr\u00e9er pour\nautrui une nouvelle situation de risque grave et imminent. Le stagiaire doit\nsignaler imm\u00e9diatement \u00e0 l\u2019animateur l\u2019existence de la situation qu\u2019il estime\ndangereuse.<\/p>\n\n\n\n<p>Tout\nstagiaire ayant constat\u00e9 une d\u00e9faillance ou une anomalie dans les installations\nou le fonctionnement des mat\u00e9riels est tenu d\u2019en informer l\u2019animateur ou le\nresponsable de l\u2019organisme de formation.<\/p>\n\n\n\n<p>Tout\naccident m\u00eame b\u00e9nin doit \u00eatre imm\u00e9diatement d\u00e9clar\u00e9 \u00e0 la direction par la\nvictime ou les t\u00e9moins.<\/p>\n\n\n\n<p><strong>III \/ DISIPLINE ET SANCTIONS<\/strong><\/p>\n\n\n\n<p><strong><em>A &#8211;\nObligations disciplinaires<\/em><\/strong><\/p>\n\n\n\n<p><strong><em>Article 9&nbsp;: Dispositions g\u00e9n\u00e9rales relatives \u00e0 la\ndiscipline<\/em><\/strong><\/p>\n\n\n\n<p>Les\nstagiaires doivent adopter une tenue, un comportement et des attitudes qui\nrespectent la libert\u00e9 et la dignit\u00e9 de chacun.<\/p>\n\n\n\n<p>Par\nailleurs, les stagiaires sont tenus \u00e0 une obligation de discr\u00e9tion en ce qui\nconcerne toutes informations relatives aux autres stagiaires dont ils\npourraient avoir connaissance.<\/p>\n\n\n\n<p>Tout\nmanquement aux r\u00e8gles relatives \u00e0 la discipline pourra donner lieu \u00e0\nl\u2019application de l\u2019exclusion d\u00e9finitive du ou des stagiaires concern\u00e9s.<\/p>\n\n\n\n<p><strong><em>Article 10&nbsp;: Horaires de stage<\/em><\/strong><\/p>\n\n\n\n<p>Les\nstagiaires doivent respecter les horaires des formations fix\u00e9s par la\ndirection.<\/p>\n\n\n\n<p>La\ndirection se r\u00e9serve, dans les limites impos\u00e9es par des dispositions en\nvigueur, le droit de modifier les horaires de formation en fonction des\nn\u00e9cessit\u00e9s de service. Les stagiaires doivent se conformer aux modifications\napport\u00e9es par la direction aux horaires d\u2019organisation du stage.<\/p>\n\n\n\n<p>Tout retard doit \u00eatre justifi\u00e9.<\/p>\n\n\n\n<p>Le formateur pourra refuser l\u2019entr\u00e9e du stagiaire si cette\nclause n\u2019est pas respect\u00e9e.<\/p>\n\n\n\n<p><strong><em>Article 11&nbsp;: Entr\u00e9es, sorties et d\u00e9placements<\/em><\/strong><\/p>\n\n\n\n<p>Les\nstagiaires ont acc\u00e8s aux locaux d\u2019organisme pour le d\u00e9roulement des s\u00e9ances de\nformations et \u00e0 d\u2019autres moments sur demande faite aux repr\u00e9sentants de\nl\u2019\u00e9tablissement.<\/p>\n\n\n\n<p>Il\nest interdit d\u2019introduire dans les locaux des personnes \u00e9trang\u00e8res au stage.<\/p>\n\n\n\n<p><strong><em>Article 12&nbsp;: Assiduit\u00e9<\/em><\/strong><\/p>\n\n\n\n<p>L\u2019assiduit\u00e9\n\u00e0 la participation de la formation est indispensable.<\/p>\n\n\n\n<p>Toute\nabsence pr\u00e9visible devra \u00eatre transmise par \u00e9crit, par mail ou par t\u00e9l\u00e9phone \u00e0\nl\u2019organisme de formation par le stagiaire.<\/p>\n\n\n\n<p>En cas\nde maladie, le stagiaire doit pr\u00e9venir le centre dans les 48 heures, le\nstagiaire doit faire parvenir un certificat&nbsp;\nm\u00e9dical justifiant son \u00e9tat.<\/p>\n\n\n\n<p>La mention\n\u00ab&nbsp;absent(e)&nbsp;\u00bb sera syst\u00e9matiquement mentionn\u00e9e sur les feuilles\nd\u2019\u00e9margement et les organismes finan\u00e7ant la formation (s\u2019il y a) seront\ninform\u00e9s.<\/p>\n\n\n\n<p><strong><em>Article 13&nbsp;: Usage du mat\u00e9riel<\/em><\/strong><\/p>\n\n\n\n<p>Le\nstagiaire est tenu de conserver en bon \u00e9tat, d\u2019une fa\u00e7on g\u00e9n\u00e9rale, tout le\nmat\u00e9riel qui est mis \u00e0 sa disposition pendant la formation.<\/p>\n\n\n\n<p>Il\nne doit pas utiliser ce mat\u00e9riel \u00e0 d\u2019autres fins que celles pr\u00e9vues pour la\nformation, et notamment \u00e0 des fins personnelles, sans autorisation.<\/p>\n\n\n\n<p>A la\nfin de la formation, le stagiaire est tenu de restituer tout mat\u00e9riel et\ndocument en sa possession appartenant \u00e0 l\u2019organisme de formation.<\/p>\n\n\n\n<p>Dans le cas o\u00f9 ces clauses ne seraient pas respect\u00e9es, le mat\u00e9riel\nsera supprim\u00e9.<\/p>\n\n\n\n<p><strong><em>Article 14&nbsp;: Enregistrements<\/em><\/strong><\/p>\n\n\n\n<p>Il\nest formellement interdit, sauf d\u00e9rogation expresse, d\u2019enregistrer ou de filmer\nles s\u00e9ances de formation.<\/p>\n\n\n\n<p><strong><em>Article 15&nbsp;: M\u00e9thodes p\u00e9dagogiques et documentation<\/em><\/strong><\/p>\n\n\n\n<p>Les\nm\u00e9thodes p\u00e9dagogiques et la documentation diffus\u00e9es sont prot\u00e9g\u00e9es au titre des\ndroits d\u2019auteur et ne peuvent \u00eatre r\u00e9utilis\u00e9es autrement que pour un strict\nusage personnel, ou diffus\u00e9es par les stagiaires sans l\u2019accord pr\u00e9alable et\nformel du responsable de l\u2019organisme de formation et\/ou des auteurs.<\/p>\n\n\n\n<p><strong><em>Article 16&nbsp;: T\u00e9l\u00e9phone<\/em><\/strong><\/p>\n\n\n\n<p>L\u2019usage\ndu t\u00e9l\u00e9phone est strictement r\u00e9serv\u00e9 au formateur. Les stagiaires ne peuvent\nt\u00e9l\u00e9phoner durant la formation.<\/p>\n\n\n\n<p>L\u2019usage\ndes t\u00e9l\u00e9phones portables est strictement interdit dans la salle de\nformation&nbsp; sauf lorsque celui-ci est utilis\u00e9 comme collecteur des r\u00e9ponses\naux tests de v\u00e9rification des connaissances th\u00e9oriques : le stagiaire s\u2019engage\n\u00e0 \u00e9teindre son t\u00e9l\u00e9phone portable pendant les heures de formation.<\/p>\n\n\n\n<p><strong><em>Article 17&nbsp;: Nature des sanctions<\/em><\/strong><\/p>\n\n\n\n<p>Tout\ncomportement consid\u00e9r\u00e9 comme fautif par le directeur de l\u2019organisme de\nformation ou son repr\u00e9sentant pourra, en fonction de sa nature et de sa\ngravit\u00e9, faire l\u2019objet de la sanction suivante&nbsp;: Exclusion d\u00e9finitive.<\/p>\n\n\n\n<p><strong><em>Article 18&nbsp;: Droit de d\u00e9fense<\/em><\/strong><\/p>\n\n\n\n<p>Aucune\nsanction ne peut \u00eatre inflig\u00e9e \u00e0 un stagiaire sans que celui-ci n\u2019ait \u00e9t\u00e9\ninform\u00e9 au pr\u00e9alable des griefs retenus contre lui.<\/p>\n\n\n\n<p>Lorsque\nle comportement du stagiaire justifie une exclusion d\u00e9finitive, le directeur de\nl\u2019organisme ou son repr\u00e9sentant convoque le stagiaire en lui indiquant l\u2019objet\nde cette convocation.<\/p>\n\n\n\n<p>Il\nlui fait part de la d\u00e9cision soit par t\u00e9l\u00e9phone, soit directement sur le lieu\nde la formation, hors de la salle de formation.<\/p>\n\n\n\n<p>L\u2019inscription \u00e0 la formation vaut\nadh\u00e9sion au pr\u00e9sent document.<\/p>\n\n\n\n<p>En cas de diff\u00e9rent, l\u2019\u00e9tablissement d\u2019enseignement\ndoit \u00eatre contact\u00e9 pour tenter de r\u00e9soudre le litige. Si le diff\u00e9rent persiste,\nun m\u00e9diateur peut \u00eatre saisit.<\/p>\n\n\n\n<p>Le m\u00e9diateur de la consommation dont l\u2019\u00e9tablissement\nrel\u00e8ve est :<\/p>\n\n\n\n<h2>M\u00e9diateur de Mobilians&nbsp;<br>43 bis, Route de Vaugirard \u2013 CS 80016<br>92197 Meudon Cedex<\/h2>\n\n\n\n<h2><strong>Mail :<\/strong>&nbsp;mediateur@mediateur-mobilians.fr<\/h2>\n","protected":false},"excerpt":{"rendered":"<p>R\u00e8glement int\u00e9rieur Rive Gauche Auto Ecole I \/ OBJET ET CHAMP D\u2019APPLICATION Article 1&nbsp;: Objet Conform\u00e9ment aux dispositions de l\u2019article L 920-5-1 du code de travail, le pr\u00e9sent r\u00e8glement int\u00e9rieur a pour objet de pr\u00e9ciser certaines dispositions s\u2019appliquant \u00e0 tout stagiaire b\u00e9n\u00e9ficiaire d\u2019une formation dispens\u00e9e par Rive Gauche Auto Ecole. Ces dispositions sont relatives&nbsp;: Article [&hellip;]<\/p>\n","protected":false},"author":1,"featured_media":0,"parent":0,"menu_order":0,"comment_status":"closed","ping_status":"closed","template":"","meta":[],"_links":{"self":[{"href":"https:\/\/rivegaucheblois.fr\/index.php?rest_route=\/wp\/v2\/pages\/717"}],"collection":[{"href":"https:\/\/rivegaucheblois.fr\/index.php?rest_route=\/wp\/v2\/pages"}],"about":[{"href":"https:\/\/rivegaucheblois.fr\/index.php?rest_route=\/wp\/v2\/types\/page"}],"author":[{"embeddable":true,"href":"https:\/\/rivegaucheblois.fr\/index.php?rest_route=\/wp\/v2\/users\/1"}],"replies":[{"embeddable":true,"href":"https:\/\/rivegaucheblois.fr\/index.php?rest_route=%2Fwp%2Fv2%2Fcomments&post=717"}],"version-history":[{"count":4,"href":"https:\/\/rivegaucheblois.fr\/index.php?rest_route=\/wp\/v2\/pages\/717\/revisions"}],"predecessor-version":[{"id":2133,"href":"https:\/\/rivegaucheblois.fr\/index.php?rest_route=\/wp\/v2\/pages\/717\/revisions\/2133"}],"wp:attachment":[{"href":"https:\/\/rivegaucheblois.fr\/index.php?rest_route=%2Fwp%2Fv2%2Fmedia&parent=717"}],"curies":[{"name":"wp","href":"https:\/\/api.w.org\/{rel}","templated":true}]}}