{"id":68,"date":"2017-09-25T22:16:46","date_gmt":"2017-09-25T20:16:46","guid":{"rendered":"http:\/\/rivegaucheblois.fr\/?page_id=68"},"modified":"2025-01-15T09:37:59","modified_gmt":"2025-01-15T08:37:59","slug":"permis-b","status":"publish","type":"page","link":"https:\/\/rivegaucheblois.fr\/?page_id=68","title":{"rendered":"Permis B"},"content":{"rendered":"\n<h1><strong>PERMIS B<\/strong><\/h1>\n\n\n\n<figure class=\"wp-block-image size-large\"><img decoding=\"async\" loading=\"lazy\" width=\"1024\" height=\"580\" src=\"http:\/\/rivegaucheblois.fr\/wp-content\/uploads\/2021\/04\/C3-ROSE-2021-1-1024x580.jpg\" alt=\"\" class=\"wp-image-1218\" srcset=\"https:\/\/rivegaucheblois.fr\/wp-content\/uploads\/2021\/04\/C3-ROSE-2021-1-1024x580.jpg 1024w, https:\/\/rivegaucheblois.fr\/wp-content\/uploads\/2021\/04\/C3-ROSE-2021-1-300x170.jpg 300w, https:\/\/rivegaucheblois.fr\/wp-content\/uploads\/2021\/04\/C3-ROSE-2021-1-768x435.jpg 768w, https:\/\/rivegaucheblois.fr\/wp-content\/uploads\/2021\/04\/C3-ROSE-2021-1-1536x870.jpg 1536w, https:\/\/rivegaucheblois.fr\/wp-content\/uploads\/2021\/04\/C3-ROSE-2021-1.jpg 1773w\" sizes=\"(max-width: 1024px) 100vw, 1024px\" \/><\/figure>\n\n\n<p><strong>L\u2019auto-\u00e9cole RIVE GAUCHE \u00e0 Blois Vienne vous propose la formation au permis B.&nbsp;<\/strong><\/p>\n<hr>\n<h2><span style=\"color: #ff6600;\"><strong>Frais administratifs*<\/strong><\/span><\/h2>\n<h2><span style=\"color: #ff6600;\"><strong>Fournitures p\u00e9dagogiques<\/strong><\/span><\/h2>\n<h2><span style=\"color: #ff6600;\"><strong>Formation code*<\/strong><\/span><\/h2>\n<ul>\n<li style=\"list-style-type: none;\">\n<ul>\n<li>Tests illimit\u00e9s (valables 6 mois)<\/li>\n<li>1 livre de code<\/li>\n<li>1 acc\u00e8s \u00e0 Pr\u00e9pacode<\/li>\n<\/ul>\n<\/li>\n<\/ul>\n<h2><span style=\"color: #ff6600;\"><strong>Formation conduite<\/strong><\/span><\/h2>\n<ul>\n<li style=\"list-style-type: none;\">\n<ul>\n<li>1 heure d\u2019\u00e9valuation<\/li>\n<li>20 heures de formation<\/li>\n<li>1 pr\u00e9sentation examen conduite<\/li>\n<\/ul>\n<\/li>\n<\/ul>\n<h4>*non compris dans le forfait sans code<\/h4>\n<h2><strong><span style=\"color: #ff6600;\">Pi\u00e8ces \u00e0 fournir<\/span><\/strong><\/h2>\n<p><a href=\"http:\/\/rivegaucheblois.fr\/wp-content\/uploads\/2024\/01\/sur-lappli-a-telecharger.bmp\"><img decoding=\"async\" loading=\"lazy\" class=\"aligncenter wp-image-1908 size-full\" src=\"http:\/\/rivegaucheblois.fr\/wp-content\/uploads\/2024\/01\/sur-lappli-a-telecharger.bmp\" alt=\"\" width=\"683\" height=\"70\" srcset=\"https:\/\/rivegaucheblois.fr\/wp-content\/uploads\/2024\/01\/sur-lappli-a-telecharger.bmp 683w, https:\/\/rivegaucheblois.fr\/wp-content\/uploads\/2024\/01\/sur-lappli-a-telecharger-300x31.jpg 300w\" sizes=\"(max-width: 683px) 100vw, 683px\" \/><\/a><\/p>\n<ul>\n<li style=\"list-style-type: none;\">\n<ul>\n<li>4 timbres postaux au tarif en vigueur<\/li>\n<li>code <strong>e<\/strong>photo<\/li>\n<li>1 PDF de la pi\u00e8ce d\u2019identit\u00e9 recto\/verso sur 1 page<\/li>\n<li>1 PDF du permis AM (BSR) recto\/verso sur 1 page si titulaire<\/li>\n<li>Justificatif de domicile datant de moins de 6 mois.(si le justificatif est \u00e0 un autre nom, fournir \u00e9galement le PDF de la pi\u00e8ce d\u2019identit\u00e9 de l\u2019h\u00e9bergeant ainsi qu\u2019une attestation d\u2019h\u00e9bergement)<\/li>\n<li>Adresse mail valide<\/li>\n<\/ul>\n<\/li>\n<\/ul>\n<h4><em><span style=\"color: #ff6600;\"><strong>entre 15 et 17 ans<\/strong><\/span><\/em><\/h4>\n<ul>\n<li style=\"list-style-type: none;\">\n<ul>\n<li>ASSR 2 **<\/li>\n<\/ul>\n<\/li>\n<\/ul>\n<h4><em><span style=\"color: #ff6600;\"><strong>entre 17 et 25 ans<\/strong><\/span><\/em><\/h4>\n<ul>\n<li style=\"list-style-type: none;\">\n<ul>\n<li>ASSR 2 **<\/li>\n<li>1 PDF du certificat individuel de participation \u00e0 la journ\u00e9e d\u00e9fense et citoyennet\u00e9 (JDC) ou attestation de situation vis \u00e0 vis du service national<\/li>\n<li>Il est possible de demander un certificat provisoire en appelant au 02 38 65 21 32 ou par mail \u00e0 <a href=\"mailto:csn-orleans.sec.fct@intradef.gouv.fr\">csn-orleans.sec.fct@intradef.gouv.fr<\/a><\/li>\n<\/ul>\n<\/li>\n<\/ul>\n<h4><em><span style=\"color: #ff6600;\"><strong>Si vous \u00eates d\u00e9j\u00e0 titulaire du code :<\/strong><\/span><\/em><span style=\"color: #ff6600;\"><strong>&nbsp;<br><\/strong><\/span><\/h4>\n<ul>\n<li>R\u00e9sultat du code<\/li>\n<li>Attestation d&rsquo;inscription au permis de conduire (CERFA 02)<\/li>\n<li>2 photos d&rsquo;identit\u00e9<\/li>\n<\/ul>\n<h4>** sauf si titulaire du permis A1<\/h4>\n<p><\/p>","protected":false},"excerpt":{"rendered":"<p>PERMIS B L\u2019auto-\u00e9cole RIVE GAUCHE \u00e0 Blois Vienne vous propose la formation au permis B.&nbsp; Frais administratifs* Fournitures p\u00e9dagogiques Formation code* Tests illimit\u00e9s (valables 6 mois) 1 livre de code 1 acc\u00e8s \u00e0 Pr\u00e9pacode Formation conduite 1 heure d\u2019\u00e9valuation 20 heures de formation 1 pr\u00e9sentation examen conduite *non compris dans le forfait sans code Pi\u00e8ces [&hellip;]<\/p>\n","protected":false},"author":1,"featured_media":0,"parent":0,"menu_order":0,"comment_status":"closed","ping_status":"closed","template":"","meta":[],"_links":{"self":[{"href":"https:\/\/rivegaucheblois.fr\/index.php?rest_route=\/wp\/v2\/pages\/68"}],"collection":[{"href":"https:\/\/rivegaucheblois.fr\/index.php?rest_route=\/wp\/v2\/pages"}],"about":[{"href":"https:\/\/rivegaucheblois.fr\/index.php?rest_route=\/wp\/v2\/types\/page"}],"author":[{"embeddable":true,"href":"https:\/\/rivegaucheblois.fr\/index.php?rest_route=\/wp\/v2\/users\/1"}],"replies":[{"embeddable":true,"href":"https:\/\/rivegaucheblois.fr\/index.php?rest_route=%2Fwp%2Fv2%2Fcomments&post=68"}],"version-history":[{"count":48,"href":"https:\/\/rivegaucheblois.fr\/index.php?rest_route=\/wp\/v2\/pages\/68\/revisions"}],"predecessor-version":[{"id":2213,"href":"https:\/\/rivegaucheblois.fr\/index.php?rest_route=\/wp\/v2\/pages\/68\/revisions\/2213"}],"wp:attachment":[{"href":"https:\/\/rivegaucheblois.fr\/index.php?rest_route=%2Fwp%2Fv2%2Fmedia&parent=68"}],"curies":[{"name":"wp","href":"https:\/\/api.w.org\/{rel}","templated":true}]}}