{"id":66,"date":"2017-09-25T22:16:46","date_gmt":"2017-09-25T20:16:46","guid":{"rendered":"http:\/\/rivegaucheblois.fr\/?page_id=66"},"modified":"2025-01-15T09:42:41","modified_gmt":"2025-01-15T08:42:41","slug":"boite-automatique","status":"publish","type":"page","link":"https:\/\/rivegaucheblois.fr\/?page_id=66","title":{"rendered":"Permis Boite Automatique"},"content":{"rendered":"\n<h1>Permis Boite Automatique<\/h1>\n\n\n\n<figure class=\"wp-block-image size-large\"><img decoding=\"async\" loading=\"lazy\" width=\"845\" height=\"476\" src=\"http:\/\/rivegaucheblois.fr\/wp-content\/uploads\/2021\/04\/c3-automatique-2021.jpg\" alt=\"\" class=\"wp-image-1224\" srcset=\"https:\/\/rivegaucheblois.fr\/wp-content\/uploads\/2021\/04\/c3-automatique-2021.jpg 845w, https:\/\/rivegaucheblois.fr\/wp-content\/uploads\/2021\/04\/c3-automatique-2021-300x169.jpg 300w, https:\/\/rivegaucheblois.fr\/wp-content\/uploads\/2021\/04\/c3-automatique-2021-768x433.jpg 768w\" sizes=\"(max-width: 845px) 100vw, 845px\" \/><\/figure>\n\n\n<p><strong>L\u2019auto-\u00e9cole RIVE GAUCHE \u00e0 Blois Vienne vous propose la formation au permis BA (Boite Automatique).<\/strong><\/p>\n<p>Le permis B \u00e0 embrayage automatique est peu connu.<br>Certains ne savent pas qu&rsquo;il existe, d&rsquo;autres pensent que c&rsquo;est un permis r\u00e9serv\u00e9 aux personnes ayant subi un handicap. Il n&rsquo;en est rien, ce permis est accessible \u00e0 tous.<\/p>\n<hr>\n<h2><span style=\"color: #ff6600;\"><strong>Frais administratifs*<\/strong><\/span><\/h2>\n<h2><span style=\"color: #ff6600;\"><strong>Fournitures p\u00e9dagogiques<\/strong><\/span><\/h2>\n<h2><span style=\"color: #ff6600;\"><strong>Formation code*<\/strong><\/span><\/h2>\n<ul>\n<li style=\"list-style-type: none;\">\n<ul>\n<li>Tests illimit\u00e9s (valables 6 mois)<\/li>\n<li>1 livre de code<\/li>\n<li>1 acc\u00e8s \u00e0 Pr\u00e9pacode<\/li>\n<\/ul>\n<\/li>\n<\/ul>\n<h2><span style=\"color: #ff6600;\"><strong>Formation conduite<\/strong><\/span><\/h2>\n<ul>\n<li style=\"list-style-type: none;\">\n<ul>\n<li>1 heure d\u2019\u00e9valuation<\/li>\n<li>13 heures de formation<\/li>\n<li>1 pr\u00e9sentation examen conduite<\/li>\n<\/ul>\n<\/li>\n<\/ul>\n<h4>*non compris dans le forfait sans code<\/h4>\n<h2><strong><span style=\"color: #ff6600;\">Pi\u00e8ces \u00e0 fournir<\/span><\/strong><\/h2>\n<p><img decoding=\"async\" loading=\"lazy\" class=\"aligncenter size-full wp-image-1908\" src=\"http:\/\/rivegaucheblois.fr\/wp-content\/uploads\/2024\/01\/sur-lappli-a-telecharger.bmp\" alt=\"\" width=\"683\" height=\"70\" srcset=\"https:\/\/rivegaucheblois.fr\/wp-content\/uploads\/2024\/01\/sur-lappli-a-telecharger.bmp 683w, https:\/\/rivegaucheblois.fr\/wp-content\/uploads\/2024\/01\/sur-lappli-a-telecharger-300x31.jpg 300w\" sizes=\"(max-width: 683px) 100vw, 683px\" \/><\/p>\n<ul>\n<li style=\"list-style-type: none;\">\n<ul>\n<li>4 timbres postaux au tarif en vigueur<\/li>\n<li>code <strong>e<\/strong>photo<\/li>\n<li>1 PDF de la pi\u00e8ce d\u2019identit\u00e9 recto\/verso sur 1 page<\/li>\n<li>1 PDF du permis AM (BSR) recto\/verso sur 1 page si titulaire<\/li>\n<li>Justificatif de domicile datant de moins de 6 mois.(si le justificatif est \u00e0 un autre nom, fournir \u00e9galement le PDF de la pi\u00e8ce d\u2019identit\u00e9 de l\u2019h\u00e9bergeant ainsi qu\u2019une attestation d\u2019h\u00e9bergement)<\/li>\n<li>Adresse mail valide<\/li>\n<\/ul>\n<\/li>\n<\/ul>\n<h4><em><span style=\"color: #ff6600;\"><strong>entre 15 et 17 ans<\/strong><\/span><\/em><\/h4>\n<ul>\n<li style=\"list-style-type: none;\">\n<ul>\n<li>ASSR 2 **<\/li>\n<\/ul>\n<\/li>\n<\/ul>\n<h4><em><span style=\"color: #ff6600;\"><strong>entre 17 et 25 ans<\/strong><\/span><\/em><\/h4>\n<ul>\n<li style=\"list-style-type: none;\">\n<ul>\n<li>ASSR 2 **<\/li>\n<li>1 PDF du certificat individuel de participation \u00e0 la journ\u00e9e d\u00e9fense et citoyennet\u00e9 (JDC) ou attestation de situation vis \u00e0 vis du service national<\/li>\n<li>Il est possible de demander un certificat provisoire en appelant au 02 38 65 21 32 ou par mail \u00e0 <a href=\"mailto:csn-orleans.sec.fct@intradef.gouv.fr\">csn-orleans.sec.fct@intradef.gouv.fr<\/a><\/li>\n<\/ul>\n<\/li>\n<\/ul>\n<h4>** sauf si titulaire du permis A1<\/h4>","protected":false},"excerpt":{"rendered":"<p>Permis Boite Automatique L\u2019auto-\u00e9cole RIVE GAUCHE \u00e0 Blois Vienne vous propose la formation au permis BA (Boite Automatique). Le permis B \u00e0 embrayage automatique est peu connu.Certains ne savent pas qu&rsquo;il existe, d&rsquo;autres pensent que c&rsquo;est un permis r\u00e9serv\u00e9 aux personnes ayant subi un handicap. Il n&rsquo;en est rien, ce permis est accessible \u00e0 tous. [&hellip;]<\/p>\n","protected":false},"author":1,"featured_media":0,"parent":0,"menu_order":0,"comment_status":"closed","ping_status":"closed","template":"","meta":[],"_links":{"self":[{"href":"https:\/\/rivegaucheblois.fr\/index.php?rest_route=\/wp\/v2\/pages\/66"}],"collection":[{"href":"https:\/\/rivegaucheblois.fr\/index.php?rest_route=\/wp\/v2\/pages"}],"about":[{"href":"https:\/\/rivegaucheblois.fr\/index.php?rest_route=\/wp\/v2\/types\/page"}],"author":[{"embeddable":true,"href":"https:\/\/rivegaucheblois.fr\/index.php?rest_route=\/wp\/v2\/users\/1"}],"replies":[{"embeddable":true,"href":"https:\/\/rivegaucheblois.fr\/index.php?rest_route=%2Fwp%2Fv2%2Fcomments&post=66"}],"version-history":[{"count":38,"href":"https:\/\/rivegaucheblois.fr\/index.php?rest_route=\/wp\/v2\/pages\/66\/revisions"}],"predecessor-version":[{"id":2179,"href":"https:\/\/rivegaucheblois.fr\/index.php?rest_route=\/wp\/v2\/pages\/66\/revisions\/2179"}],"wp:attachment":[{"href":"https:\/\/rivegaucheblois.fr\/index.php?rest_route=%2Fwp%2Fv2%2Fmedia&parent=66"}],"curies":[{"name":"wp","href":"https:\/\/api.w.org\/{rel}","templated":true}]}}