{"id":53,"date":"2017-09-25T21:14:39","date_gmt":"2017-09-25T19:14:39","guid":{"rendered":"http:\/\/rivegaucheblois.fr\/?page_id=53"},"modified":"2024-02-07T16:13:13","modified_gmt":"2024-02-07T15:13:13","slug":"2-roues","status":"publish","type":"page","link":"https:\/\/rivegaucheblois.fr\/?page_id=53","title":{"rendered":"2 roues"},"content":{"rendered":"\n<h2> <a href=\"http:\/\/rivegaucheblois.fr\/?page_id=745\"><strong>NOUVEL examen permis moto 2020<\/strong><\/a> <\/h2>\n\n\n<h1><span style=\"color: #003366;\"><strong>Quel permis pour quel 2 roues ?<\/strong><\/span><\/h1>\n<h2><span style=\"color: #ff6600;\"><a style=\"color: #ff6600;\" href=\"http:\/\/rivegaucheblois.fr\/?page_id=52\"><strong>PERMIS AM (BSR)<\/strong><\/a><\/span><\/h2>\n<h2>\u00e0 partir de 14 ans.<img decoding=\"async\" loading=\"lazy\" class=\"alignright wp-image-601\" src=\"http:\/\/rivegaucheblois.fr\/wp-content\/uploads\/2019\/03\/scooter.png\" alt=\"\" width=\"170\" height=\"173\" srcset=\"https:\/\/rivegaucheblois.fr\/wp-content\/uploads\/2019\/03\/scooter.png 591w, https:\/\/rivegaucheblois.fr\/wp-content\/uploads\/2019\/03\/scooter-295x300.png 295w\" sizes=\"(max-width: 170px) 100vw, 170px\" \/><\/h2>\n<p>Cyclomoteur d\u2019une cylindr\u00e9e maximale de 50 cm3 ou puissance max de 4 kw.<\/p>\n<h2>\u00a0<\/h2>\n<p>\u00a0<\/p>\n<h2><span style=\"color: #ff6600;\"><strong><a style=\"color: #ff6600;\" href=\"http:\/\/rivegaucheblois.fr\/?page_id=72\">PERMIS A1 (125 cm3)<\/a><\/strong><\/span><br \/>\u00e0 partir de 16 ans<img decoding=\"async\" loading=\"lazy\" class=\"wp-image-1872  alignright\" src=\"http:\/\/rivegaucheblois.fr\/wp-content\/uploads\/2023\/10\/CB125F-detouree.jpg\" alt=\"\" width=\"236\" height=\"183\" srcset=\"https:\/\/rivegaucheblois.fr\/wp-content\/uploads\/2023\/10\/CB125F-detouree.jpg 787w, https:\/\/rivegaucheblois.fr\/wp-content\/uploads\/2023\/10\/CB125F-detouree-300x233.jpg 300w, https:\/\/rivegaucheblois.fr\/wp-content\/uploads\/2023\/10\/CB125F-detouree-768x595.jpg 768w\" sizes=\"(max-width: 236px) 100vw, 236px\" \/><\/h2>\n<p>Moto de 125 cm3 ou 11 kw max (15 ch)<br \/>ou scooter 3 roues de 15 kw max (20 ch).<\/p>\n<h2>\u00a0<\/h2>\n<p>\u00a0<\/p>\n<h2><strong><span style=\"color: #ff6600;\"><a style=\"color: #ff6600;\" href=\"http:\/\/rivegaucheblois.fr\/?page_id=273\">FORMATION 125 cm3<\/a><\/span><\/strong><br \/>2 ans de permis B + formation de 7H<img decoding=\"async\" loading=\"lazy\" class=\"wp-image-827 alignright\" src=\"http:\/\/rivegaucheblois.fr\/wp-content\/uploads\/2020\/02\/kimko-125-scoot-et-moto-1.jpg\" alt=\"\" width=\"221\" height=\"151\" srcset=\"https:\/\/rivegaucheblois.fr\/wp-content\/uploads\/2020\/02\/kimko-125-scoot-et-moto-1.jpg 826w, https:\/\/rivegaucheblois.fr\/wp-content\/uploads\/2020\/02\/kimko-125-scoot-et-moto-1-300x206.jpg 300w, https:\/\/rivegaucheblois.fr\/wp-content\/uploads\/2020\/02\/kimko-125-scoot-et-moto-1-768x527.jpg 768w\" sizes=\"(max-width: 221px) 100vw, 221px\" \/><\/h2>\n<p>Moto de 125 cm3 ou 11 kw max (15 ch)<br \/>ou scooter 3 roues de 15 kw max (20 ch).<\/p>\n<h2>\u00a0<\/h2>\n<p>\u00a0<\/p>\n<h2><strong><span style=\"color: #ff6600;\"><a style=\"color: #ff6600;\" href=\"http:\/\/rivegaucheblois.fr\/?page_id=73\">PERMIS A2<\/a><\/span><\/strong><br \/>\u00e0 partir de 18 ans.<img decoding=\"async\" loading=\"lazy\" class=\"wp-image-1896  alignright\" src=\"http:\/\/rivegaucheblois.fr\/wp-content\/uploads\/2024\/01\/hornet-detouree-2023.jpg\" alt=\"\" width=\"279\" height=\"144\" srcset=\"https:\/\/rivegaucheblois.fr\/wp-content\/uploads\/2024\/01\/hornet-detouree-2023.jpg 2126w, https:\/\/rivegaucheblois.fr\/wp-content\/uploads\/2024\/01\/hornet-detouree-2023-300x155.jpg 300w, https:\/\/rivegaucheblois.fr\/wp-content\/uploads\/2024\/01\/hornet-detouree-2023-1024x528.jpg 1024w, https:\/\/rivegaucheblois.fr\/wp-content\/uploads\/2024\/01\/hornet-detouree-2023-768x396.jpg 768w, https:\/\/rivegaucheblois.fr\/wp-content\/uploads\/2024\/01\/hornet-detouree-2023-1536x792.jpg 1536w, https:\/\/rivegaucheblois.fr\/wp-content\/uploads\/2024\/01\/hornet-detouree-2023-2048x1056.jpg 2048w\" sizes=\"(max-width: 279px) 100vw, 279px\" \/><\/h2>\n<p>Moto de 35 kw max (47,5 ch)<br \/>ou scooter 3 roues de 15 kw max (20 ch).<\/p>\n<h4>\u00a0<\/h4>\n\n\n<p><\/p>\n\n\n\n<h4><img decoding=\"async\" loading=\"lazy\" width=\"567\" height=\"326\" class=\"wp-image-767\" style=\"width: 500px;\" src=\"http:\/\/rivegaucheblois.fr\/wp-content\/uploads\/2020\/01\/materiel-obligatoire-2roues.jpg\" alt=\"\" srcset=\"https:\/\/rivegaucheblois.fr\/wp-content\/uploads\/2020\/01\/materiel-obligatoire-2roues.jpg 567w, https:\/\/rivegaucheblois.fr\/wp-content\/uploads\/2020\/01\/materiel-obligatoire-2roues-300x172.jpg 300w\" sizes=\"(max-width: 567px) 100vw, 567px\" \/><\/h4>\n\n\n\n<h4>Nous nous r\u00e9servons le droit de refuser tout \u00e9l\u00e8ve qui n\u2019aura pas l\u2019\u00e9quipement minimum n\u00e9cessaire \u00e0 la pratique du 2 roues.<\/h4>\n\n\n\n<h4><strong>&#8211; Casque homologu\u00e9<\/strong><br><strong>&#8211; Gants homologu\u00e9s<\/strong><br><strong>&#8211; Blouson avec protections<\/strong><br><strong>&#8211; Pantalon solide ( jean minimum)<\/strong><br><strong>&#8211; Chaussures montantes.<\/strong><\/h4>\n","protected":false},"excerpt":{"rendered":"<p>NOUVEL examen permis moto 2020 Quel permis pour quel 2 roues ? PERMIS AM (BSR) \u00e0 partir de 14 ans. Cyclomoteur d\u2019une cylindr\u00e9e maximale de 50 cm3 ou puissance max de 4 kw. \u00a0 \u00a0 PERMIS A1 (125 cm3)\u00e0 partir de 16 ans Moto de 125 cm3 ou 11 kw max (15 ch)ou scooter 3 [&hellip;]<\/p>\n","protected":false},"author":1,"featured_media":0,"parent":0,"menu_order":0,"comment_status":"closed","ping_status":"closed","template":"","meta":[],"_links":{"self":[{"href":"https:\/\/rivegaucheblois.fr\/index.php?rest_route=\/wp\/v2\/pages\/53"}],"collection":[{"href":"https:\/\/rivegaucheblois.fr\/index.php?rest_route=\/wp\/v2\/pages"}],"about":[{"href":"https:\/\/rivegaucheblois.fr\/index.php?rest_route=\/wp\/v2\/types\/page"}],"author":[{"embeddable":true,"href":"https:\/\/rivegaucheblois.fr\/index.php?rest_route=\/wp\/v2\/users\/1"}],"replies":[{"embeddable":true,"href":"https:\/\/rivegaucheblois.fr\/index.php?rest_route=%2Fwp%2Fv2%2Fcomments&post=53"}],"version-history":[{"count":30,"href":"https:\/\/rivegaucheblois.fr\/index.php?rest_route=\/wp\/v2\/pages\/53\/revisions"}],"predecessor-version":[{"id":1973,"href":"https:\/\/rivegaucheblois.fr\/index.php?rest_route=\/wp\/v2\/pages\/53\/revisions\/1973"}],"wp:attachment":[{"href":"https:\/\/rivegaucheblois.fr\/index.php?rest_route=%2Fwp%2Fv2%2Fmedia&parent=53"}],"curies":[{"name":"wp","href":"https:\/\/api.w.org\/{rel}","templated":true}]}}