{"id":52,"date":"2017-09-25T21:14:39","date_gmt":"2017-09-25T19:14:39","guid":{"rendered":"http:\/\/rivegaucheblois.fr\/?page_id=52"},"modified":"2024-01-12T18:11:25","modified_gmt":"2024-01-12T17:11:25","slug":"bsr","status":"publish","type":"page","link":"https:\/\/rivegaucheblois.fr\/?page_id=52","title":{"rendered":"PERMIS AM (BSR)"},"content":{"rendered":"<div class=\"wp-block-image\">\n<figure class=\"aligncenter size-full\"><img decoding=\"async\" loading=\"lazy\" width=\"1000\" height=\"850\" src=\"https:\/\/rivegaucheblois.fr\/wp-content\/uploads\/2024\/01\/permis-AM.jpg\" alt=\"\" class=\"wp-image-1900\" srcset=\"https:\/\/rivegaucheblois.fr\/wp-content\/uploads\/2024\/01\/permis-AM.jpg 1000w, https:\/\/rivegaucheblois.fr\/wp-content\/uploads\/2024\/01\/permis-AM-300x255.jpg 300w, https:\/\/rivegaucheblois.fr\/wp-content\/uploads\/2024\/01\/permis-AM-768x653.jpg 768w\" sizes=\"(max-width: 1000px) 100vw, 1000px\" \/><\/figure><\/div>\n\n<p style=\"text-align: center;\"><strong>L\u2019auto-\u00e9cole RIVE GAUCHE \u00e0 Blois Vienne vous propose la formation au permis AM (BSR).<\/strong><\/p>\n<p>Il est obligatoire pour conduire un cyclomoteur de 50 cm3 pour toute personne n\u00e9e apr\u00e8s le 1er Janvier 1988.<\/p>\n<p><img decoding=\"async\" loading=\"lazy\" class=\"aligncenter size-full wp-image-767\" src=\"http:\/\/rivegaucheblois.fr\/wp-content\/uploads\/2020\/01\/materiel-obligatoire-2roues.jpg\" alt=\"\" width=\"567\" height=\"326\" srcset=\"https:\/\/rivegaucheblois.fr\/wp-content\/uploads\/2020\/01\/materiel-obligatoire-2roues.jpg 567w, https:\/\/rivegaucheblois.fr\/wp-content\/uploads\/2020\/01\/materiel-obligatoire-2roues-300x172.jpg 300w\" sizes=\"(max-width: 567px) 100vw, 567px\" \/><\/p>\n<h2><span style=\"color: #ff0000;\"><span style=\"color: #ff0000;\">Nous nous r\u00e9servons le droit de refuser tout \u00e9l\u00e8ve qui n\u2019aura pas l\u2019\u00e9quipement minimum n\u00e9cessaire \u00e0 la pratique du 2 roues.<\/span><\/span><\/h2>\n<h3><span style=\"color: #ff0000;\"><strong>&#8211; Casque homologu\u00e9<\/strong><\/span><br \/><span style=\"color: #ff0000;\"><strong>&#8211; Gants homologu\u00e9s<\/strong><\/span><br \/><span style=\"color: #ff0000;\"><strong>&#8211; Blouson avec protections<\/strong><\/span><br \/><span style=\"color: #ff0000;\"><strong>&#8211; Pantalon solide (jean minimum)<\/strong><\/span><br \/><span style=\"color: #ff0000;\"><strong>&#8211; Chaussures montantes.<\/strong><\/span><\/h3>\n<p style=\"text-align: left;\">\u00a0<\/p>\n<h2><span style=\"color: #ff6600;\"><strong><span class=\"s1\">Formation de 8 heures<\/span><\/strong><\/span><\/h2>\n<h2><span style=\"color: #ff6600;\"><strong><span class=\"s1\">(en deux 1\/2 journ\u00e9es)<\/span><\/strong><\/span><\/h2>\n<p class=\"p2\" style=\"text-align: left;\"><strong>Th\u00e9orie \/ Plateau \/ Circulation<\/strong><\/p>\n<p style=\"text-align: left;\">L&rsquo;auto-\u00e9cole Rive Gauche vous forme au permis AM anciennement appel\u00e9 le BSR.<br \/>La formation se d\u00e9roule en deux demi journ\u00e9es. Elle comprend un cours th\u00e9orique, des exercices de d\u00e9couverte et de maniabilit\u00e9 sur plateau, ainsi que de la circulation en radio guidage.<br \/>Il permet de conduire un cyclomoteur de 50 cm3 maximum \u00e0 partir de 14 ans.<\/p>\n<h2><span style=\"color: #ff6600;\"><strong><span class=\"s1\">Pi\u00e8ces \u00e0 fournir :<\/span><\/strong><\/span><\/h2>\n<p><img decoding=\"async\" loading=\"lazy\" class=\"aligncenter size-full wp-image-1908\" src=\"http:\/\/rivegaucheblois.fr\/wp-content\/uploads\/2024\/01\/sur-lappli-a-telecharger.bmp\" alt=\"\" width=\"683\" height=\"70\" srcset=\"https:\/\/rivegaucheblois.fr\/wp-content\/uploads\/2024\/01\/sur-lappli-a-telecharger.bmp 683w, https:\/\/rivegaucheblois.fr\/wp-content\/uploads\/2024\/01\/sur-lappli-a-telecharger-300x31.jpg 300w\" sizes=\"(max-width: 683px) 100vw, 683px\" \/><\/p>\n<ul>\n<li style=\"list-style-type: none;\">\n<ul>\n<li>1 photo d\u2019identit\u00e9 (demander les <strong>e<\/strong>photo)<\/li>\n<li>PDF de la pi\u00e8ce d\u2019identit\u00e9 recto\/verso sur 1 page<\/li>\n<li>Justificatif de domicile datant de moins de 6 mois<\/li>\n<li>PDF de la pi\u00e8ce d\u2019identit\u00e9 de l\u2019h\u00e9bergeant<\/li>\n<li>Attestation d\u2019h\u00e9bergement sign\u00e9e par l&rsquo;h\u00e9bergeant et l&rsquo;h\u00e9berg\u00e9<\/li>\n<li>Adresse mail valide<\/li>\n<li>ASSR 1 ou ASSR 2<\/li>\n<li>JDC (entre 17 et 25 ans)<\/li>\n<\/ul>\n<\/li>\n<\/ul>\n\n\n<div class=\"wp-block-button\"><a class=\"wp-block-button__link has-luminous-vivid-orange-background-color has-background wp-element-button\" href=\"http:\/\/rivegaucheblois.fr\/wp-content\/uploads\/2021\/07\/PISTE-MOTO.pdf\">INFO PISTE MOTO <\/a><\/div>\n","protected":false},"excerpt":{"rendered":"<p>L\u2019auto-\u00e9cole RIVE GAUCHE \u00e0 Blois Vienne vous propose la formation au permis AM (BSR). Il est obligatoire pour conduire un cyclomoteur de 50 cm3 pour toute personne n\u00e9e apr\u00e8s le 1er Janvier 1988. Nous nous r\u00e9servons le droit de refuser tout \u00e9l\u00e8ve qui n\u2019aura pas l\u2019\u00e9quipement minimum n\u00e9cessaire \u00e0 la pratique du 2 roues. &#8211; [&hellip;]<\/p>\n","protected":false},"author":1,"featured_media":0,"parent":0,"menu_order":0,"comment_status":"closed","ping_status":"closed","template":"","meta":[],"_links":{"self":[{"href":"https:\/\/rivegaucheblois.fr\/index.php?rest_route=\/wp\/v2\/pages\/52"}],"collection":[{"href":"https:\/\/rivegaucheblois.fr\/index.php?rest_route=\/wp\/v2\/pages"}],"about":[{"href":"https:\/\/rivegaucheblois.fr\/index.php?rest_route=\/wp\/v2\/types\/page"}],"author":[{"embeddable":true,"href":"https:\/\/rivegaucheblois.fr\/index.php?rest_route=\/wp\/v2\/users\/1"}],"replies":[{"embeddable":true,"href":"https:\/\/rivegaucheblois.fr\/index.php?rest_route=%2Fwp%2Fv2%2Fcomments&post=52"}],"version-history":[{"count":65,"href":"https:\/\/rivegaucheblois.fr\/index.php?rest_route=\/wp\/v2\/pages\/52\/revisions"}],"predecessor-version":[{"id":1921,"href":"https:\/\/rivegaucheblois.fr\/index.php?rest_route=\/wp\/v2\/pages\/52\/revisions\/1921"}],"wp:attachment":[{"href":"https:\/\/rivegaucheblois.fr\/index.php?rest_route=%2Fwp%2Fv2%2Fmedia&parent=52"}],"curies":[{"name":"wp","href":"https:\/\/api.w.org\/{rel}","templated":true}]}}