{"id":50,"date":"2017-09-25T21:14:39","date_gmt":"2017-09-25T19:14:39","guid":{"rendered":"http:\/\/rivegaucheblois.fr\/?page_id=50"},"modified":"2024-04-04T09:47:08","modified_gmt":"2024-04-04T07:47:08","slug":"code","status":"publish","type":"page","link":"https:\/\/rivegaucheblois.fr\/?page_id=50","title":{"rendered":"Cours th\u00e9oriques (code)"},"content":{"rendered":"<h3>Code \u00e0 partir de 49\u20ac (uniquement entrainement en ligne depuis <a href=\"http:\/\/rivegaucheblois.fr\/?page_id=171\">pr\u00e9pacode<\/a>)<\/h3>\n<h3><\/h3>\n<h3><span style=\"color: #ff9900;\">Avant de commencer la conduite avec votre moniteur il faudra tout d&rsquo;abord passer\u00a0l&rsquo;\u00e9preuve th\u00e9orique g\u00e9n\u00e9rale du permis de conduire.\u00a0<\/span><span style=\"color: #ff9900;\">Cette formation est indispensable afin de ma\u00eetriser les r\u00e8gles de circulation ainsi que les bons comportements \u00e0 adopter sur la route.<\/span><\/h3>\n<ul>\n<li><span style=\"font-weight: 400;\">Le nombre de fautes maximale pour obtenir le code est de 5 fautes sur 40 questions.<\/span><\/li>\n<li><span style=\"font-weight: 400;\">Un livre de code vous est fourni \u00e0 l&rsquo;inscription.<\/span><\/li>\n<\/ul>\n<h3><span style=\"color: #ff9900;\">L&rsquo;AUTO ECOLE RIVE GAUCHE organise des stages code de 3 jours pendant chaque vacances scolaires.<\/span><\/h3>\n","protected":false},"excerpt":{"rendered":"<p>Code \u00e0 partir de 49\u20ac (uniquement entrainement en ligne depuis pr\u00e9pacode) Avant de commencer la conduite avec votre moniteur il faudra tout d&rsquo;abord passer\u00a0l&rsquo;\u00e9preuve th\u00e9orique g\u00e9n\u00e9rale du permis de conduire.\u00a0Cette formation est indispensable afin de ma\u00eetriser les r\u00e8gles de circulation ainsi que les bons comportements \u00e0 adopter sur la route. Le nombre de fautes maximale [&hellip;]<\/p>\n","protected":false},"author":1,"featured_media":0,"parent":0,"menu_order":0,"comment_status":"closed","ping_status":"closed","template":"","meta":[],"_links":{"self":[{"href":"https:\/\/rivegaucheblois.fr\/index.php?rest_route=\/wp\/v2\/pages\/50"}],"collection":[{"href":"https:\/\/rivegaucheblois.fr\/index.php?rest_route=\/wp\/v2\/pages"}],"about":[{"href":"https:\/\/rivegaucheblois.fr\/index.php?rest_route=\/wp\/v2\/types\/page"}],"author":[{"embeddable":true,"href":"https:\/\/rivegaucheblois.fr\/index.php?rest_route=\/wp\/v2\/users\/1"}],"replies":[{"embeddable":true,"href":"https:\/\/rivegaucheblois.fr\/index.php?rest_route=%2Fwp%2Fv2%2Fcomments&post=50"}],"version-history":[{"count":44,"href":"https:\/\/rivegaucheblois.fr\/index.php?rest_route=\/wp\/v2\/pages\/50\/revisions"}],"predecessor-version":[{"id":2081,"href":"https:\/\/rivegaucheblois.fr\/index.php?rest_route=\/wp\/v2\/pages\/50\/revisions\/2081"}],"wp:attachment":[{"href":"https:\/\/rivegaucheblois.fr\/index.php?rest_route=%2Fwp%2Fv2%2Fmedia&parent=50"}],"curies":[{"name":"wp","href":"https:\/\/api.w.org\/{rel}","templated":true}]}}