{"id":273,"date":"2018-01-16T09:53:34","date_gmt":"2018-01-16T08:53:34","guid":{"rendered":"http:\/\/rivegaucheblois.fr\/?page_id=273"},"modified":"2025-01-15T10:05:22","modified_gmt":"2025-01-15T09:05:22","slug":"formation-125-cm3","status":"publish","type":"page","link":"https:\/\/rivegaucheblois.fr\/?page_id=273","title":{"rendered":"Formation 125 cc"},"content":{"rendered":"\n<h1><strong>Formation 125 cc<\/strong><\/h1>\n\n\n\n<h2>pour les titulaires d&rsquo;un permis B de 2 ans minimum<\/h2>\n\n\n<p><img decoding=\"async\" loading=\"lazy\" class=\"aligncenter size-full wp-image-827\" src=\"http:\/\/rivegaucheblois.fr\/wp-content\/uploads\/2020\/02\/kimko-125-scoot-et-moto-1.jpg\" alt=\"\" width=\"826\" height=\"567\" srcset=\"https:\/\/rivegaucheblois.fr\/wp-content\/uploads\/2020\/02\/kimko-125-scoot-et-moto-1.jpg 826w, https:\/\/rivegaucheblois.fr\/wp-content\/uploads\/2020\/02\/kimko-125-scoot-et-moto-1-300x206.jpg 300w, https:\/\/rivegaucheblois.fr\/wp-content\/uploads\/2020\/02\/kimko-125-scoot-et-moto-1-768x527.jpg 768w\" sizes=\"(max-width: 826px) 100vw, 826px\" \/><\/p>\n<p><strong>L&rsquo;auto \u00e9cole Rive Gauche dispose d&rsquo;une moto 125 cm3 ainsi que d&rsquo;un scooter en 125 cm3.<\/strong><\/p>\n<p>Que vous ayez dans l&rsquo;optique de vous familiariser avec le monde de la moto avant de passer au \u00ab\u00a0gros cube\u00a0\u00bb, que vous vouliez vous balader dans la r\u00e9gion, les moniteurs motos de Rive Gauche vous guideront pour vous familiariser avec le monde du deux roues.<\/p>\n<p>Des exercices pratiques sur plateau et exp\u00e9rience en circulation en \u00e9tant guid\u00e9 par radio par votre moniteur.<\/p>\n<p><img decoding=\"async\" loading=\"lazy\" class=\"aligncenter size-full wp-image-767\" src=\"http:\/\/rivegaucheblois.fr\/wp-content\/uploads\/2020\/01\/materiel-obligatoire-2roues.jpg\" alt=\"\" width=\"567\" height=\"326\" srcset=\"https:\/\/rivegaucheblois.fr\/wp-content\/uploads\/2020\/01\/materiel-obligatoire-2roues.jpg 567w, https:\/\/rivegaucheblois.fr\/wp-content\/uploads\/2020\/01\/materiel-obligatoire-2roues-300x172.jpg 300w\" sizes=\"(max-width: 567px) 100vw, 567px\" \/><\/p>\n<h4><span style=\"color: #ff0000;\">Nous nous r\u00e9servons le droit de refuser tout \u00e9l\u00e8ve qui n\u2019aura pas l\u2019\u00e9quipement minimum n\u00e9cessaire \u00e0 la pratique du 2 roues.<\/span><\/h4>\n<h4><span style=\"color: #ff0000;\"><strong>&#8211; Casque homologu\u00e9<\/strong><\/span><br><span style=\"color: #ff0000;\"><strong>&#8211; Gants homologu\u00e9s<\/strong><\/span><br><span style=\"color: #ff0000;\"><strong>&#8211; Blouson avec protections<\/strong><\/span><br><span style=\"color: #ff0000;\"><strong>&#8211; Pantalon solide ( jean minimum)<\/strong><\/span><br><span style=\"color: #ff0000;\"><strong>&#8211; Chaussures montantes.<\/strong><\/span><\/h4>\n<h2><span style=\"color: #ff6600;\"><strong>Formation de 7h &#8211; MOTO ou SCOOTER<\/strong><\/span><\/h2>\n<ul>\n<li style=\"list-style-type: none;\">\n<ul>\n<li>2H de th\u00e9orie en salle<\/li>\n<li>2H de plateau pour le maniement de la moto<\/li>\n<li>3H de circulation<\/li>\n<\/ul>\n<\/li>\n<\/ul>\n<h2><strong><span style=\"color: #ff6600;\">Condition<\/span><\/strong><\/h2>\n<p>Etre titulaire du permis B depuis 2 ans minimum<\/p>\n<h2 class=\"p1\"><strong><span style=\"color: #ff6600;\">Pi\u00e8ces \u00e0 fournir<\/span><\/strong><\/h2>\n<ul>\n<li style=\"list-style-type: none;\">\n<ul>\n<li>1 photo d\u2019identit\u00e9<\/li>\n<li>Permis de conduire<\/li>\n<\/ul>\n<\/li>\n<\/ul>","protected":false},"excerpt":{"rendered":"<p>Formation 125 cc pour les titulaires d&rsquo;un permis B de 2 ans minimum L&rsquo;auto \u00e9cole Rive Gauche dispose d&rsquo;une moto 125 cm3 ainsi que d&rsquo;un scooter en 125 cm3. Que vous ayez dans l&rsquo;optique de vous familiariser avec le monde de la moto avant de passer au \u00ab\u00a0gros cube\u00a0\u00bb, que vous vouliez vous balader dans [&hellip;]<\/p>\n","protected":false},"author":1,"featured_media":0,"parent":0,"menu_order":0,"comment_status":"closed","ping_status":"closed","template":"","meta":[],"_links":{"self":[{"href":"https:\/\/rivegaucheblois.fr\/index.php?rest_route=\/wp\/v2\/pages\/273"}],"collection":[{"href":"https:\/\/rivegaucheblois.fr\/index.php?rest_route=\/wp\/v2\/pages"}],"about":[{"href":"https:\/\/rivegaucheblois.fr\/index.php?rest_route=\/wp\/v2\/types\/page"}],"author":[{"embeddable":true,"href":"https:\/\/rivegaucheblois.fr\/index.php?rest_route=\/wp\/v2\/users\/1"}],"replies":[{"embeddable":true,"href":"https:\/\/rivegaucheblois.fr\/index.php?rest_route=%2Fwp%2Fv2%2Fcomments&post=273"}],"version-history":[{"count":27,"href":"https:\/\/rivegaucheblois.fr\/index.php?rest_route=\/wp\/v2\/pages\/273\/revisions"}],"predecessor-version":[{"id":2194,"href":"https:\/\/rivegaucheblois.fr\/index.php?rest_route=\/wp\/v2\/pages\/273\/revisions\/2194"}],"wp:attachment":[{"href":"https:\/\/rivegaucheblois.fr\/index.php?rest_route=%2Fwp%2Fv2%2Fmedia&parent=273"}],"curies":[{"name":"wp","href":"https:\/\/api.w.org\/{rel}","templated":true}]}}