{"id":1811,"date":"2023-08-18T14:47:26","date_gmt":"2023-08-18T12:47:26","guid":{"rendered":"http:\/\/rivegaucheblois.fr\/?page_id=1811"},"modified":"2024-01-12T18:14:54","modified_gmt":"2024-01-12T17:14:54","slug":"passerelle-a2-vers-a-7h00-355e","status":"publish","type":"page","link":"https:\/\/rivegaucheblois.fr\/?page_id=1811","title":{"rendered":"Passerelle A2 vers A"},"content":{"rendered":"\n<figure class=\"wp-block-image size-large\"><img decoding=\"async\" loading=\"lazy\" width=\"1024\" height=\"164\" src=\"https:\/\/rivegaucheblois.fr\/wp-content\/uploads\/2024\/01\/bandeau-tarif-passerelle-A-1024x164.jpg\" alt=\"\" class=\"wp-image-1904\" srcset=\"https:\/\/rivegaucheblois.fr\/wp-content\/uploads\/2024\/01\/bandeau-tarif-passerelle-A-1024x164.jpg 1024w, https:\/\/rivegaucheblois.fr\/wp-content\/uploads\/2024\/01\/bandeau-tarif-passerelle-A-300x48.jpg 300w, https:\/\/rivegaucheblois.fr\/wp-content\/uploads\/2024\/01\/bandeau-tarif-passerelle-A-768x123.jpg 768w, https:\/\/rivegaucheblois.fr\/wp-content\/uploads\/2024\/01\/bandeau-tarif-passerelle-A-1536x246.jpg 1536w, https:\/\/rivegaucheblois.fr\/wp-content\/uploads\/2024\/01\/bandeau-tarif-passerelle-A.jpg 1600w\" sizes=\"(max-width: 1024px) 100vw, 1024px\" \/><\/figure>\n\n\n\n<p>Si vous avez le permis moto&nbsp;<em>A2<\/em>, vous devez suivre une formation&nbsp;<em>passerelle<\/em>&nbsp;de 7 heures pour obtenir le permis A<\/p>\n\n\n\n<p>Vous pouvez suivre la formation&nbsp;<strong>dans un d\u00e9lai de 3 mois avant la date anniversaire des 2 ans d&rsquo;obtention du permis A2<\/strong>.<\/p>\n\n\n\n<p>Pour suivre cette formation, veuillez vous adresser \u00e0 l&rsquo;auto \u00e9cole.<\/p>\n\n\n\n<p>\u00c0 la fin de la formation, votre formateur vous remet une&nbsp;<strong>attestation de suivi<\/strong>.<\/p>\n\n\n\n<p>Il n&rsquo;y a pas d&rsquo;examen \u00e0 passer.<\/p>\n\n\n\n<p><\/p>\n\n\n\n<h2 class=\"has-luminous-vivid-amber-color has-text-color\"><strong>Pi\u00e8ces \u00e0 fournir<\/strong><\/h2>\n\n\n\n<figure class=\"wp-block-image size-full\"><img decoding=\"async\" loading=\"lazy\" width=\"683\" height=\"70\" src=\"http:\/\/rivegaucheblois.fr\/wp-content\/uploads\/2024\/01\/sur-lappli-a-telecharger.bmp\" alt=\"\" class=\"wp-image-1908\" srcset=\"https:\/\/rivegaucheblois.fr\/wp-content\/uploads\/2024\/01\/sur-lappli-a-telecharger.bmp 683w, https:\/\/rivegaucheblois.fr\/wp-content\/uploads\/2024\/01\/sur-lappli-a-telecharger-300x31.jpg 300w\" sizes=\"(max-width: 683px) 100vw, 683px\" \/><\/figure>\n\n\n\n<ul>\n<li>1 photo d\u2019identit\u00e9 (demander les&nbsp;<strong>e<\/strong>photo)<\/li>\n\n\n\n<li>1 PDF de la pi\u00e8ce d\u2019identit\u00e9 recto verso (sur 1 page)<\/li>\n\n\n\n<li>Justificatif de domicile datant de moins de 6 mois (si le justificatif est \u00e0 un autre nom, fournir \u00e9galement la PDF de la pi\u00e8ce d\u2019identit\u00e9 de l\u2019h\u00e9bergeant ainsi qu\u2019une attestation d\u2019h\u00e9bergement)<\/li>\n\n\n\n<li>1 PDF du permis de conduire recto\/verso<\/li>\n\n\n\n<li>Une adresse mail valide<\/li>\n<\/ul>\n","protected":false},"excerpt":{"rendered":"<p>Si vous avez le permis moto&nbsp;A2, vous devez suivre une formation&nbsp;passerelle&nbsp;de 7 heures pour obtenir le permis A Vous pouvez suivre la formation&nbsp;dans un d\u00e9lai de 3 mois avant la date anniversaire des 2 ans d&rsquo;obtention du permis A2. Pour suivre cette formation, veuillez vous adresser \u00e0 l&rsquo;auto \u00e9cole. \u00c0 la fin de la formation, [&hellip;]<\/p>\n","protected":false},"author":1,"featured_media":0,"parent":0,"menu_order":0,"comment_status":"closed","ping_status":"closed","template":"","meta":[],"_links":{"self":[{"href":"https:\/\/rivegaucheblois.fr\/index.php?rest_route=\/wp\/v2\/pages\/1811"}],"collection":[{"href":"https:\/\/rivegaucheblois.fr\/index.php?rest_route=\/wp\/v2\/pages"}],"about":[{"href":"https:\/\/rivegaucheblois.fr\/index.php?rest_route=\/wp\/v2\/types\/page"}],"author":[{"embeddable":true,"href":"https:\/\/rivegaucheblois.fr\/index.php?rest_route=\/wp\/v2\/users\/1"}],"replies":[{"embeddable":true,"href":"https:\/\/rivegaucheblois.fr\/index.php?rest_route=%2Fwp%2Fv2%2Fcomments&post=1811"}],"version-history":[{"count":6,"href":"https:\/\/rivegaucheblois.fr\/index.php?rest_route=\/wp\/v2\/pages\/1811\/revisions"}],"predecessor-version":[{"id":1922,"href":"https:\/\/rivegaucheblois.fr\/index.php?rest_route=\/wp\/v2\/pages\/1811\/revisions\/1922"}],"wp:attachment":[{"href":"https:\/\/rivegaucheblois.fr\/index.php?rest_route=%2Fwp%2Fv2%2Fmedia&parent=1811"}],"curies":[{"name":"wp","href":"https:\/\/api.w.org\/{rel}","templated":true}]}}