{"id":1780,"date":"2023-03-24T11:50:42","date_gmt":"2023-03-24T10:50:42","guid":{"rendered":"http:\/\/rivegaucheblois.fr\/?page_id=1780"},"modified":"2023-03-24T11:50:42","modified_gmt":"2023-03-24T10:50:42","slug":"mediation-de-la-consommation","status":"publish","type":"page","link":"https:\/\/rivegaucheblois.fr\/?page_id=1780","title":{"rendered":"MEDIATION DE LA CONSOMMATION"},"content":{"rendered":"<h3 style=\"text-align: center;\"><span style=\"color: #ff6600;\"><strong>Vous \u00eates un consommateur ?\u00a0<\/strong><\/span><\/h3>\n<p style=\"text-align: center;\"><strong>Le M\u00e9diateur de Mobilians peut vous aider \u00e0 r\u00e9gler \u00e0 l&rsquo;amiable<\/strong><br \/><strong>un litige qui vous oppose \u00e0 un adh\u00e9rent de Mobilians.<\/strong><\/p>\n<p style=\"text-align: center;\"><span style=\"color: #ff6600;\"><strong>VOUS POUVEZ SAISIR LE MEDIATEUR DIRECTEMENT EN LIGNE SUR :\u00a0<\/strong><\/span><\/p>\n<p style=\"text-align: center;\">www.mediateur-mobilians.fr<\/p>\n<h4 style=\"text-align: center;\"><strong><span style=\"color: #ff6600;\">OU EN ECRIVANT AU :\u00a0<\/span><\/strong><br \/>M\u00e9diateur de Mobilians\u00a0<br \/>43 bis, Route de Vaugirard &#8211; CS 80016<br \/>92197 Meudon Cedex<\/h4>\n<p style=\"text-align: center;\"><strong>Mail :<\/strong> mediateur@mediateur-mobilians.fr<\/p>\n\n\n<p><\/p>\n","protected":false},"excerpt":{"rendered":"<p>Vous \u00eates un consommateur ?\u00a0 Le M\u00e9diateur de Mobilians peut vous aider \u00e0 r\u00e9gler \u00e0 l&rsquo;amiableun litige qui vous oppose \u00e0 un adh\u00e9rent de Mobilians. VOUS POUVEZ SAISIR LE MEDIATEUR DIRECTEMENT EN LIGNE SUR :\u00a0 www.mediateur-mobilians.fr OU EN ECRIVANT AU :\u00a0M\u00e9diateur de Mobilians\u00a043 bis, Route de Vaugirard &#8211; CS 8001692197 Meudon Cedex Mail : mediateur@mediateur-mobilians.fr<\/p>\n","protected":false},"author":1,"featured_media":0,"parent":0,"menu_order":0,"comment_status":"closed","ping_status":"closed","template":"","meta":[],"_links":{"self":[{"href":"https:\/\/rivegaucheblois.fr\/index.php?rest_route=\/wp\/v2\/pages\/1780"}],"collection":[{"href":"https:\/\/rivegaucheblois.fr\/index.php?rest_route=\/wp\/v2\/pages"}],"about":[{"href":"https:\/\/rivegaucheblois.fr\/index.php?rest_route=\/wp\/v2\/types\/page"}],"author":[{"embeddable":true,"href":"https:\/\/rivegaucheblois.fr\/index.php?rest_route=\/wp\/v2\/users\/1"}],"replies":[{"embeddable":true,"href":"https:\/\/rivegaucheblois.fr\/index.php?rest_route=%2Fwp%2Fv2%2Fcomments&post=1780"}],"version-history":[{"count":7,"href":"https:\/\/rivegaucheblois.fr\/index.php?rest_route=\/wp\/v2\/pages\/1780\/revisions"}],"predecessor-version":[{"id":1789,"href":"https:\/\/rivegaucheblois.fr\/index.php?rest_route=\/wp\/v2\/pages\/1780\/revisions\/1789"}],"wp:attachment":[{"href":"https:\/\/rivegaucheblois.fr\/index.php?rest_route=%2Fwp%2Fv2%2Fmedia&parent=1780"}],"curies":[{"name":"wp","href":"https:\/\/api.w.org\/{rel}","templated":true}]}}