{"id":171,"date":"2017-10-10T22:34:23","date_gmt":"2017-10-10T20:34:23","guid":{"rendered":"http:\/\/rivegaucheblois.fr\/?page_id=171"},"modified":"2020-05-06T09:59:12","modified_gmt":"2020-05-06T07:59:12","slug":"prepcode","status":"publish","type":"page","link":"https:\/\/rivegaucheblois.fr\/?page_id=171","title":{"rendered":"Pr\u00e9p@code"},"content":{"rendered":"\n<p><\/p>\n\n\n<h2 class=\"prepacode-explain-title\"><span style=\"color: #ff6600;\"><strong><span class=\"prepacode-explain-text--big\">PR\u00c9PACODE EST LA SOLUTION ID\u00c9ALE POUR T\u2019AIDER \u00c0 PR\u00c9PARER TON CODE EN LIGNE ET \u00c0 TON RYTHME. <\/span><\/strong><\/span><\/h2>\n<div>&nbsp;<\/div>\n<ul>\n<li style=\"list-style-type: none;\">\n<ul>\n<li><span style=\"color: #000000;\">O\u00f9 tu veux, quand tu veux, tu t\u2019entra\u00eenes en conditions r\u00e9elles. Tu re\u00e7ois tes r\u00e9sultats en instantan\u00e9 et tu suis, test apr\u00e8s test, ta progression. <\/span><\/li>\n<li><span style=\"color: #000000;\">Sur tablette, PC\/MAC ou m\u00eame smartphone, Pr\u00e9pacode te permet d\u2019acc\u00e9der 24h\/24 \u00e0 des exercices in\u00e9dits en compl\u00e9ment de ton \u00e9cole de conduite. <\/span><\/li>\n<li><span style=\"color: #000000;\">\u00c0 chaque s\u00e9rie effectu\u00e9e, tes stats sont transmises \u00e0 ton moniteur, qui peut ainsi t\u2019assurer un meilleur suivi pour garantir ta r\u00e9ussite \u00e0 l\u2019examen.<\/span><\/li>\n<\/ul>\n<\/li>\n<\/ul>\n<div id=\"block-f9df4bc0-fa57-45a9-a017-ce5ae2d95ab9\" class=\"wp-block editor-block-list__block block-editor-block-list__block\" tabindex=\"0\" data-type=\"core\/group\" aria-label=\"Bloc&nbsp;: Groupe\">\n<div class=\"editor-block-list__insertion-point block-editor-block-list__insertion-point\">\n<div class=\"editor-block-list__insertion-point-inserter block-editor-block-list__insertion-point-inserter\" tabindex=\"-1\">\n<div class=\"editor-inserter block-editor-inserter\"><span style=\"background-color: initial; font-size: inherit; font-weight: inherit;\">aphe<\/span><\/div>\n<\/div>\n<\/div>\n<\/div>\n<div id=\"block-6b55842a-eecc-4742-b712-cde0c74ae0c0\" class=\"wp-block editor-block-list__block block-editor-block-list__block\" tabindex=\"0\" data-type=\"core\/group\" aria-label=\"Bloc&nbsp;: Groupe\">\n<div class=\"editor-block-list__block-edit block-editor-block-list__block-edit\">\n<div data-block=\"6b55842a-eecc-4742-b712-cde0c74ae0c0\">\n<div class=\"wp-block-group\">\n<div class=\"wp-block-group__inner-container\">\n<div class=\"editor-inner-blocks block-editor-inner-blocks\">\n<div class=\"editor-block-list__layout block-editor-block-list__layout\">\n<div id=\"block-29965c0a-2690-4e49-8cf7-077b0925dad0\" class=\"wp-block editor-block-list__block block-editor-block-list__block\" tabindex=\"0\" data-type=\"core\/paragraph\" aria-label=\"Bloc&nbsp;: Paragraphe\">\n<div class=\"editor-block-list__insertion-point block-editor-block-list__insertion-point\">\n<div class=\"editor-block-list__insertion-point-inserter block-editor-block-list__insertion-point-inserter\" tabindex=\"-1\">\n<div class=\"editor-inserter block-editor-inserter\">&nbsp;<\/div>\n<\/div>\n<\/div>\n<div class=\"components-drop-zone editor-block-drop-zone block-editor-block-drop-zone\">&nbsp;<\/div>\n<div class=\"editor-block-list__block-edit block-editor-block-list__block-edit\">\n<div data-block=\"29965c0a-2690-4e49-8cf7-077b0925dad0\">\n<div>\n<div class=\"editor-rich-text block-editor-rich-text\"><b style=\"color: #ff6600; font-size: 1.56em;\">Code sur internet avec une connexion personnalis\u00e9e PREPACODE :<\/b><\/div>\n<\/div>\n<\/div>\n<\/div>\n<\/div>\n<\/div>\n<\/div>\n<\/div>\n<\/div>\n<\/div>\n<\/div>\n<\/div>\n<h3><span style=\"color: #2e3c71;\"><strong><a style=\"color: #2e3c71;\" href=\"http:\/\/www.prepacode-enpc.fr\/\">www.prepacode-enpc.fr<\/a><\/strong><\/span><\/h3>\n\n\n<h2>ETG (code classique)<\/h2>\n\n\n\n<div class=\"wp-block-image\"><figure class=\"aligncenter is-resized\"><a href=\"https:\/\/www.prepacode-enpc.fr\/landing_page\"><img decoding=\"async\" loading=\"lazy\" src=\"https:\/\/ci5.googleusercontent.com\/proxy\/vG94sFeknzFl3yEP2DkfUiTaAWKlyX3c0MaxUtIGF12vP0vOmnXRf3YCXQfczq0HZHm1NcaJtKlueAuMWvfCPw9lgLU1zb7MBLOC23O6IuS7-WkoBrd2V73YbU7h2FbPIlZJVHKTVYGu1w=s0-d-e1-ft#http:\/\/www.enpc-center.fr\/application\/logo\/categorie\/prepacode2testsnouvelleetg2016.png\" alt=\"\" width=\"153\" height=\"153\"\/><\/a><\/figure><\/div>\n\n\n\n<p><\/p>\n\n\n\n<p><strong>Gr\u00e2ce \u00e0 Pr\u00e9pacode Tests ETG, travaillez votre code en ligne pour r\u00e9ussir votre examen th\u00e9orique ! Plus de 1700 questions, un parcours p\u00e9dagogique personnalis\u00e9, des indicateurs de progression clairs et pertinents ! \u00c0 r\u00e9aliser sur votre ordinateur, tablette ou smartphone !<\/strong><\/p>\n\n\n\n<h2>ETM (code moto)<\/h2>\n\n\n\n<div class=\"wp-block-image\"><figure class=\"aligncenter is-resized\"><a href=\"https:\/\/www.prepacode-enpc.fr\/landing_page\" target=\"_blank\" rel=\"noreferrer noopener\"><img decoding=\"async\" loading=\"lazy\" src=\"https:\/\/ci4.googleusercontent.com\/proxy\/pbosbOc4MhcWoGOboJzwRUsi95v-BxSY7j0_DhjiB580b0lm-4kPG0MMDKg5Q6mk3PI3KVBjHXzR2E2_9AhGc6NTeI95u-X-Tzo6Ou2dgLB7WIKfmKQaIHH6=s0-d-e1-ft#http:\/\/www.enpc-center.fr\/application\/logo\/categorie\/prepacode2_etm.png\" alt=\"L\u2019attribut alt de cette image est vide, son nom de fichier est pbosbOc4MhcWoGOboJzwRUsi95v-BxSY7j0_DhjiB580b0lm-4kPG0MMDKg5Q6mk3PI3KVBjHXzR2E2_9AhGc6NTeI95u-X-Tzo6Ou2dgLB7WIKfmKQaIHH6=s0-d-e1-ft.\" width=\"158\" height=\"156\"\/><\/a><\/figure><\/div>\n\n\n\n<p><strong>d\u00e9sormais indispensable pour permis A1, A2 et A<\/strong><\/p>\n\n\n\n<p><strong>Gr\u00e2ce \u00e0 Pr\u00e9pacode ETM, travaillez votre code en ligne pour r\u00e9ussir votre examen th\u00e9orique ! Plus de 600 questions \u00e0 r\u00e9aliser sur votre ordinateur, tablette ou smartphone<\/strong><\/p>\n","protected":false},"excerpt":{"rendered":"<p>PR\u00c9PACODE EST LA SOLUTION ID\u00c9ALE POUR T\u2019AIDER \u00c0 PR\u00c9PARER TON CODE EN LIGNE ET \u00c0 TON RYTHME. &nbsp; O\u00f9 tu veux, quand tu veux, tu t\u2019entra\u00eenes en conditions r\u00e9elles. Tu re\u00e7ois tes r\u00e9sultats en instantan\u00e9 et tu suis, test apr\u00e8s test, ta progression. Sur tablette, PC\/MAC ou m\u00eame smartphone, Pr\u00e9pacode te permet d\u2019acc\u00e9der 24h\/24 \u00e0 [&hellip;]<\/p>\n","protected":false},"author":1,"featured_media":0,"parent":0,"menu_order":0,"comment_status":"closed","ping_status":"closed","template":"","meta":[],"_links":{"self":[{"href":"https:\/\/rivegaucheblois.fr\/index.php?rest_route=\/wp\/v2\/pages\/171"}],"collection":[{"href":"https:\/\/rivegaucheblois.fr\/index.php?rest_route=\/wp\/v2\/pages"}],"about":[{"href":"https:\/\/rivegaucheblois.fr\/index.php?rest_route=\/wp\/v2\/types\/page"}],"author":[{"embeddable":true,"href":"https:\/\/rivegaucheblois.fr\/index.php?rest_route=\/wp\/v2\/users\/1"}],"replies":[{"embeddable":true,"href":"https:\/\/rivegaucheblois.fr\/index.php?rest_route=%2Fwp%2Fv2%2Fcomments&post=171"}],"version-history":[{"count":20,"href":"https:\/\/rivegaucheblois.fr\/index.php?rest_route=\/wp\/v2\/pages\/171\/revisions"}],"predecessor-version":[{"id":967,"href":"https:\/\/rivegaucheblois.fr\/index.php?rest_route=\/wp\/v2\/pages\/171\/revisions\/967"}],"wp:attachment":[{"href":"https:\/\/rivegaucheblois.fr\/index.php?rest_route=%2Fwp%2Fv2%2Fmedia&parent=171"}],"curies":[{"name":"wp","href":"https:\/\/api.w.org\/{rel}","templated":true}]}}