{"id":169,"date":"2017-10-10T22:34:23","date_gmt":"2017-10-10T20:34:23","guid":{"rendered":"http:\/\/rivegaucheblois.fr\/?page_id=169"},"modified":"2022-01-14T19:01:29","modified_gmt":"2022-01-14T18:01:29","slug":"lexamen-du-code","status":"publish","type":"page","link":"https:\/\/rivegaucheblois.fr\/?page_id=169","title":{"rendered":"L&rsquo;examen du code"},"content":{"rendered":"<h2><span style=\"color: #ff9900;\"><strong>L&rsquo;examen :<\/strong><\/span><\/h2>\n<p>Vous \u00eates pr\u00eat ?<br \/>\nVous pouvez d\u00e9sormais vous inscrire \u00e0 l&rsquo;\u00e9preuve sur une des plateformes suivantes<br \/>\n(pour votre inscription pensez \u00e0 nous demander votre n\u00b0 NEPH) :<\/p>\n<h1><span style=\"color: #808080;\"><strong><a style=\"color: #808080;\" href=\"https:\/\/codengo.bureauveritas.fr\/portal\/\" target=\"_blank\" rel=\"noopener noreferrer\">Code&rsquo;<span style=\"color: #99cc00;\">n<\/span>GO!<\/a><\/strong><\/span><\/h1>\n<h5><span style=\"color: #333333;\"><a style=\"color: #333333;\" href=\"https:\/\/www.lecode.laposte.fr\/passermonexamenducodeaveclaposte\/\" target=\"_blank\" rel=\"noopener noreferrer\"><strong>Le Code La poste<\/strong><\/a><\/span><\/h5>\n<h5><span style=\"color: #333333;\"><a style=\"color: #333333;\" href=\"https:\/\/www.objectifcode.sgs.com\/\" target=\"_blank\" rel=\"noopener noreferrer\"><strong>Objectif Code<\/strong><\/a><\/span><\/h5>\n<h3><\/h3>\n<p>Les frais d&rsquo;inscription \u00e0 l&rsquo;\u00e9preuve sont \u00e0 votre charge.<\/p>\n<p>N&rsquo;oubliez pas de nous envoyer votre r\u00e9sultat par mail si vous avez r\u00e9ussi l&rsquo;\u00e9preuve sur :\u00a0<a href=\"mailto:rivegaucheautoecole@yahoo.fr\"><span style=\"color: #ff9900;\">rivegaucheautoecole@yahoo.fr<\/span><\/a><\/p>\n","protected":false},"excerpt":{"rendered":"<p>L&rsquo;examen : Vous \u00eates pr\u00eat ? Vous pouvez d\u00e9sormais vous inscrire \u00e0 l&rsquo;\u00e9preuve sur une des plateformes suivantes (pour votre inscription pensez \u00e0 nous demander votre n\u00b0 NEPH) : Code&rsquo;nGO! Le Code La poste Objectif Code Les frais d&rsquo;inscription \u00e0 l&rsquo;\u00e9preuve sont \u00e0 votre charge. N&rsquo;oubliez pas de nous envoyer votre r\u00e9sultat par mail si [&hellip;]<\/p>\n","protected":false},"author":1,"featured_media":0,"parent":0,"menu_order":0,"comment_status":"closed","ping_status":"closed","template":"","meta":[],"_links":{"self":[{"href":"https:\/\/rivegaucheblois.fr\/index.php?rest_route=\/wp\/v2\/pages\/169"}],"collection":[{"href":"https:\/\/rivegaucheblois.fr\/index.php?rest_route=\/wp\/v2\/pages"}],"about":[{"href":"https:\/\/rivegaucheblois.fr\/index.php?rest_route=\/wp\/v2\/types\/page"}],"author":[{"embeddable":true,"href":"https:\/\/rivegaucheblois.fr\/index.php?rest_route=\/wp\/v2\/users\/1"}],"replies":[{"embeddable":true,"href":"https:\/\/rivegaucheblois.fr\/index.php?rest_route=%2Fwp%2Fv2%2Fcomments&post=169"}],"version-history":[{"count":18,"href":"https:\/\/rivegaucheblois.fr\/index.php?rest_route=\/wp\/v2\/pages\/169\/revisions"}],"predecessor-version":[{"id":1450,"href":"https:\/\/rivegaucheblois.fr\/index.php?rest_route=\/wp\/v2\/pages\/169\/revisions\/1450"}],"wp:attachment":[{"href":"https:\/\/rivegaucheblois.fr\/index.php?rest_route=%2Fwp%2Fv2%2Fmedia&parent=169"}],"curies":[{"name":"wp","href":"https:\/\/api.w.org\/{rel}","templated":true}]}}