{"id":1635,"date":"2023-01-18T17:34:15","date_gmt":"2023-01-18T16:34:15","guid":{"rendered":"http:\/\/rivegaucheblois.fr\/?page_id=1635"},"modified":"2025-01-15T09:53:08","modified_gmt":"2025-01-15T08:53:08","slug":"permis-amoption-quadricycle","status":"publish","type":"page","link":"https:\/\/rivegaucheblois.fr\/?page_id=1635","title":{"rendered":"PERMIS AM Option quadricycle"},"content":{"rendered":"\n<h1><strong>PERMIS AM Option quadricycle<\/strong><\/h1>\n\n\n\n<p><\/p>\n\n\n<div class=\"wp-block-image\">\n<figure class=\"aligncenter size-full\"><img decoding=\"async\" loading=\"lazy\" width=\"898\" height=\"562\" src=\"https:\/\/rivegaucheblois.fr\/wp-content\/uploads\/2023\/10\/citroen-ami-pour-plaquette.jpg\" alt=\"\" class=\"wp-image-1867\" srcset=\"https:\/\/rivegaucheblois.fr\/wp-content\/uploads\/2023\/10\/citroen-ami-pour-plaquette.jpg 898w, https:\/\/rivegaucheblois.fr\/wp-content\/uploads\/2023\/10\/citroen-ami-pour-plaquette-300x188.jpg 300w, https:\/\/rivegaucheblois.fr\/wp-content\/uploads\/2023\/10\/citroen-ami-pour-plaquette-768x481.jpg 768w\" sizes=\"(max-width: 898px) 100vw, 898px\" \/><\/figure><\/div>\n\n\n<p> <strong>L\u2019auto-\u00e9cole RIVE GAUCHE \u00e0 Blois Vienne vous propose la formation au permis AM <\/strong> option quadricycle<\/p>\n\n\n\n<p> Il est obligatoire pour conduire une voiturette pour toute personne n\u00e9e apr\u00e8s le 1er Janvier 1988. <\/p>\n\n\n\n<h2 class=\"has-text-color\" style=\"color:#c105a2\">Formation de 8 heures (minimum)<\/h2>\n\n\n\n<h2 class=\"has-text-color\" style=\"color:#c105a2\"><strong>Pi\u00e8ces \u00e0 fournir :<\/strong><\/h2>\n\n\n\n<p>Sur cl\u00e9 USB ou par mail \u00e0 <a href=\"mailto:rivegaucheautoecole@yahoo.fr\">rivegaucheautoecole@yahoo.fr<\/a><\/p>\n\n\n\n<ul>\n<li>1 photo d\u2019identit\u00e9 (demander les <strong>e<\/strong>photo)<\/li>\n\n\n\n<li>PDF de la pi\u00e8ce d\u2019identit\u00e9 recto\/verso sur 1 page<\/li>\n\n\n\n<li>Justificatif de domicile datant de moins de 6 mois<\/li>\n\n\n\n<li>PDF de la pi\u00e8ce d\u2019identit\u00e9 de l\u2019h\u00e9bergeant<\/li>\n\n\n\n<li>Attestation d\u2019h\u00e9bergement sign\u00e9e par l&rsquo;h\u00e9bergeant et l&rsquo;h\u00e9berg\u00e9<\/li>\n\n\n\n<li>Adresse mail valide<\/li>\n\n\n\n<li>ASSR 1 ou ASSR 2<\/li>\n\n\n\n<li>JDC (entre 17 et 25 ans)<\/li>\n<\/ul>\n\n\n\n<hr class=\"wp-block-separator has-alpha-channel-opacity\"\/>\n\n\n\n<h3>QU\u2019EST-CE QU&rsquo;UNE VOITURE SANS PERMIS&nbsp;?<\/h3>\n\n\n\n<p>La voiture sans permis est assimil\u00e9e \u00e0 un cyclomoteur. C\u2019est un quadricycle l\u00e9ger aussi appel\u00e9 voiturette ou VSP.<\/p>\n\n\n\n<p>Ses caract\u00e9ristiques techniques sont les suivantes&nbsp;:<\/p>\n\n\n\n<p>Depuis le 1er janvier 2017 la masse \u00e0 vide est limit\u00e9e \u00e0 425 kg en ordre de marche<br>Moteur diesel ou \u00e9lectrique limit\u00e9 \u00e0 6 kW<br>Nombre de places limit\u00e9 \u00e0 2 personnes<\/p>\n\n\n\n<hr class=\"wp-block-separator has-alpha-channel-opacity\"\/>\n\n\n\n<h3><strong>Pour pouvoir conduire une voiture sans permis en France, il faut :<\/strong><\/h3>\n\n\n\n<ul>\n<li>Avoir 14 ans minimum<\/li>\n\n\n\n<li>\u00catre titulaire au minimum du permis AM (= permis cyclomoteur) pour toutes personnes n\u00e9es \u00e0 partir du 1er janvier 1988<\/li>\n\n\n\n<li>Pour toutes personnes n\u00e9es \u00e0 partir du 1er janvier 1988, \u00eatre titulaire du BSR (permis obtenu avant le 19 janvier 2013) ou le permis AM&nbsp;<\/li>\n\n\n\n<li>Vous n\u2019avez pas besoin de permis si vous \u00eates n\u00e9s avant le 31 d\u00e9cembre 1987<\/li>\n\n\n\n<li>Vous pouvez conduire partout sauf sur autoroute et voies rapides<\/li>\n<\/ul>\n","protected":false},"excerpt":{"rendered":"<p>PERMIS AM Option quadricycle L\u2019auto-\u00e9cole RIVE GAUCHE \u00e0 Blois Vienne vous propose la formation au permis AM option quadricycle Il est obligatoire pour conduire une voiturette pour toute personne n\u00e9e apr\u00e8s le 1er Janvier 1988. Formation de 8 heures (minimum) Pi\u00e8ces \u00e0 fournir : Sur cl\u00e9 USB ou par mail \u00e0 rivegaucheautoecole@yahoo.fr QU\u2019EST-CE QU&rsquo;UNE VOITURE [&hellip;]<\/p>\n","protected":false},"author":1,"featured_media":0,"parent":0,"menu_order":0,"comment_status":"closed","ping_status":"closed","template":"","meta":[],"_links":{"self":[{"href":"https:\/\/rivegaucheblois.fr\/index.php?rest_route=\/wp\/v2\/pages\/1635"}],"collection":[{"href":"https:\/\/rivegaucheblois.fr\/index.php?rest_route=\/wp\/v2\/pages"}],"about":[{"href":"https:\/\/rivegaucheblois.fr\/index.php?rest_route=\/wp\/v2\/types\/page"}],"author":[{"embeddable":true,"href":"https:\/\/rivegaucheblois.fr\/index.php?rest_route=\/wp\/v2\/users\/1"}],"replies":[{"embeddable":true,"href":"https:\/\/rivegaucheblois.fr\/index.php?rest_route=%2Fwp%2Fv2%2Fcomments&post=1635"}],"version-history":[{"count":9,"href":"https:\/\/rivegaucheblois.fr\/index.php?rest_route=\/wp\/v2\/pages\/1635\/revisions"}],"predecessor-version":[{"id":2186,"href":"https:\/\/rivegaucheblois.fr\/index.php?rest_route=\/wp\/v2\/pages\/1635\/revisions\/2186"}],"wp:attachment":[{"href":"https:\/\/rivegaucheblois.fr\/index.php?rest_route=%2Fwp%2Fv2%2Fmedia&parent=1635"}],"curies":[{"name":"wp","href":"https:\/\/api.w.org\/{rel}","templated":true}]}}