{"id":1322,"date":"2021-07-09T14:46:30","date_gmt":"2021-07-09T12:46:30","guid":{"rendered":"http:\/\/rivegaucheblois.fr\/?page_id=1322"},"modified":"2024-04-19T14:51:21","modified_gmt":"2024-04-19T12:51:21","slug":"modalites-de-paiement","status":"publish","type":"page","link":"https:\/\/rivegaucheblois.fr\/?page_id=1322","title":{"rendered":"Modalit\u00e9s de paiement"},"content":{"rendered":"\n<h3 class=\"has-vivid-cyan-blue-color has-text-color\">Tous nos forfaits sont payables en 3 fois sans frais selon la formule choisie.<\/h3>\n\n\n\n<p style=\"font-size:28px\">Nous acceptons le r\u00e8glement par :   <\/p>\n\n\n\n<div class=\"wp-block-media-text alignwide is-stacked-on-mobile\" style=\"grid-template-columns:23% auto\"><figure class=\"wp-block-media-text__media\"><img decoding=\"async\" loading=\"lazy\" width=\"546\" height=\"368\" src=\"http:\/\/rivegaucheblois.fr\/wp-content\/uploads\/2021\/07\/logo-carte-bleue-.png\" alt=\"\" class=\"wp-image-1325 size-full\" srcset=\"https:\/\/rivegaucheblois.fr\/wp-content\/uploads\/2021\/07\/logo-carte-bleue-.png 546w, https:\/\/rivegaucheblois.fr\/wp-content\/uploads\/2021\/07\/logo-carte-bleue--300x202.png 300w\" sizes=\"(max-width: 546px) 100vw, 546px\" \/><\/figure><div class=\"wp-block-media-text__content\">\n<p class=\"has-vivid-cyan-blue-color has-text-color\" style=\"font-size:26px\">Carte bleue <\/p>\n<\/div><\/div>\n\n\n\n<div class=\"wp-block-media-text alignwide is-stacked-on-mobile\" style=\"grid-template-columns:24% auto\"><figure class=\"wp-block-media-text__media\"><img decoding=\"async\" loading=\"lazy\" width=\"640\" height=\"640\" src=\"http:\/\/rivegaucheblois.fr\/wp-content\/uploads\/2021\/07\/logo-cheque.png\" alt=\"\" class=\"wp-image-1326 size-full\" srcset=\"https:\/\/rivegaucheblois.fr\/wp-content\/uploads\/2021\/07\/logo-cheque.png 640w, https:\/\/rivegaucheblois.fr\/wp-content\/uploads\/2021\/07\/logo-cheque-300x300.png 300w, https:\/\/rivegaucheblois.fr\/wp-content\/uploads\/2021\/07\/logo-cheque-150x150.png 150w\" sizes=\"(max-width: 640px) 100vw, 640px\" \/><\/figure><div class=\"wp-block-media-text__content\">\n<p class=\"has-luminous-vivid-orange-color has-text-color\" style=\"font-size:26px\">Ch\u00e8que <\/p>\n<\/div><\/div>\n\n\n\n<div class=\"wp-block-media-text alignwide is-stacked-on-mobile\" style=\"grid-template-columns:24% auto\"><figure class=\"wp-block-media-text__media\"><img decoding=\"async\" loading=\"lazy\" width=\"456\" height=\"292\" src=\"http:\/\/rivegaucheblois.fr\/wp-content\/uploads\/2021\/07\/logo-espece.png\" alt=\"\" class=\"wp-image-1327 size-full\" srcset=\"https:\/\/rivegaucheblois.fr\/wp-content\/uploads\/2021\/07\/logo-espece.png 456w, https:\/\/rivegaucheblois.fr\/wp-content\/uploads\/2021\/07\/logo-espece-300x192.png 300w\" sizes=\"(max-width: 456px) 100vw, 456px\" \/><\/figure><div class=\"wp-block-media-text__content\">\n<p class=\"has-vivid-green-cyan-color has-text-color\" style=\"font-size:26px\">Esp\u00e8ces<\/p>\n<\/div><\/div>\n\n\n\n<div class=\"wp-block-media-text alignwide is-stacked-on-mobile\" style=\"grid-template-columns:24% auto\"><figure class=\"wp-block-media-text__media\"><img decoding=\"async\" loading=\"lazy\" width=\"350\" height=\"250\" src=\"http:\/\/rivegaucheblois.fr\/wp-content\/uploads\/2021\/07\/logo-virement.png\" alt=\"\" class=\"wp-image-1328 size-full\" srcset=\"https:\/\/rivegaucheblois.fr\/wp-content\/uploads\/2021\/07\/logo-virement.png 350w, https:\/\/rivegaucheblois.fr\/wp-content\/uploads\/2021\/07\/logo-virement-300x214.png 300w\" sizes=\"(max-width: 350px) 100vw, 350px\" \/><\/figure><div class=\"wp-block-media-text__content\">\n<p style=\"font-size:26px\">Virement<\/p>\n<\/div><\/div>\n\n\n\n<div class=\"wp-block-media-text alignwide is-stacked-on-mobile\" style=\"grid-template-columns:24% auto\"><figure class=\"wp-block-media-text__media\"><img decoding=\"async\" loading=\"lazy\" width=\"215\" height=\"214\" src=\"http:\/\/rivegaucheblois.fr\/wp-content\/uploads\/2024\/04\/cpf.png\" alt=\"\" class=\"wp-image-2140 size-full\" srcset=\"https:\/\/rivegaucheblois.fr\/wp-content\/uploads\/2024\/04\/cpf.png 215w, https:\/\/rivegaucheblois.fr\/wp-content\/uploads\/2024\/04\/cpf-150x150.png 150w\" sizes=\"(max-width: 215px) 100vw, 215px\" \/><\/figure><div class=\"wp-block-media-text__content\">\n<p style=\"font-size:26px\">Compte Professionnel de Formation<\/p>\n<\/div><\/div>\n\n\n\n<div class=\"wp-block-media-text alignwide is-stacked-on-mobile\" style=\"grid-template-columns:22% auto\"><figure class=\"wp-block-media-text__media\"><img decoding=\"async\" loading=\"lazy\" width=\"220\" height=\"220\" src=\"http:\/\/rivegaucheblois.fr\/wp-content\/uploads\/2021\/07\/permis_a_1eu_par_jour.png\" alt=\"\" class=\"wp-image-1329 size-full\" srcset=\"https:\/\/rivegaucheblois.fr\/wp-content\/uploads\/2021\/07\/permis_a_1eu_par_jour.png 220w, https:\/\/rivegaucheblois.fr\/wp-content\/uploads\/2021\/07\/permis_a_1eu_par_jour-150x150.png 150w\" sizes=\"(max-width: 220px) 100vw, 220px\" \/><\/figure><div class=\"wp-block-media-text__content\">\n<p class=\"has-vivid-cyan-blue-color has-text-color\" style=\"font-size:26px\">Financement permis 1\u20ac\/jour<\/p>\n<\/div><\/div>\n\n\n\n<div class=\"wp-block-button aligncenter\"><a class=\"wp-block-button__link has-vivid-cyan-blue-background-color has-background wp-element-button\" href=\"http:\/\/rivegaucheblois.fr\/wp-content\/uploads\/2021\/07\/Permis-1\u20ac.pdf\">Le Permis \u00e0 1\u20ac\/jour<\/a><\/div>\n\n\n\n<p><\/p>\n","protected":false},"excerpt":{"rendered":"<p>Tous nos forfaits sont payables en 3 fois sans frais selon la formule choisie. Nous acceptons le r\u00e8glement par : Carte bleue Ch\u00e8que Esp\u00e8ces Virement Compte Professionnel de Formation Financement permis 1\u20ac\/jour<\/p>\n","protected":false},"author":1,"featured_media":0,"parent":0,"menu_order":0,"comment_status":"closed","ping_status":"closed","template":"","meta":[],"_links":{"self":[{"href":"https:\/\/rivegaucheblois.fr\/index.php?rest_route=\/wp\/v2\/pages\/1322"}],"collection":[{"href":"https:\/\/rivegaucheblois.fr\/index.php?rest_route=\/wp\/v2\/pages"}],"about":[{"href":"https:\/\/rivegaucheblois.fr\/index.php?rest_route=\/wp\/v2\/types\/page"}],"author":[{"embeddable":true,"href":"https:\/\/rivegaucheblois.fr\/index.php?rest_route=\/wp\/v2\/users\/1"}],"replies":[{"embeddable":true,"href":"https:\/\/rivegaucheblois.fr\/index.php?rest_route=%2Fwp%2Fv2%2Fcomments&post=1322"}],"version-history":[{"count":9,"href":"https:\/\/rivegaucheblois.fr\/index.php?rest_route=\/wp\/v2\/pages\/1322\/revisions"}],"predecessor-version":[{"id":2145,"href":"https:\/\/rivegaucheblois.fr\/index.php?rest_route=\/wp\/v2\/pages\/1322\/revisions\/2145"}],"wp:attachment":[{"href":"https:\/\/rivegaucheblois.fr\/index.php?rest_route=%2Fwp%2Fv2%2Fmedia&parent=1322"}],"curies":[{"name":"wp","href":"https:\/\/api.w.org\/{rel}","templated":true}]}}