{"id":1313,"date":"2021-07-08T17:14:57","date_gmt":"2021-07-08T15:14:57","guid":{"rendered":"http:\/\/rivegaucheblois.fr\/?page_id=1313"},"modified":"2025-01-15T09:50:18","modified_gmt":"2025-01-15T08:50:18","slug":"passerelle-ba-vers-boite-manuelle","status":"publish","type":"page","link":"https:\/\/rivegaucheblois.fr\/?page_id=1313","title":{"rendered":"PASSERELLE BA VERS B"},"content":{"rendered":"\n<h1><strong>PASSERELLE BA VERS B<\/strong><\/h1>\n\n\n\n<p class=\"has-medium-font-size\"><strong>7h00 de formation minimum<\/strong><\/p>\n\n\n<div class=\"wp-block-image\">\n<figure class=\"aligncenter size-large\"><img decoding=\"async\" loading=\"lazy\" width=\"271\" height=\"278\" src=\"http:\/\/rivegaucheblois.fr\/wp-content\/uploads\/2021\/07\/permis-automatique.jpg\" alt=\"\" class=\"wp-image-1314\"\/><\/figure><\/div>\n\n\n<p class=\"has-text-align-left has-very-dark-gray-color has-text-color\">                                                    \u00catre \u00e2g\u00e9 de 18 ans                                                                                                                                <br>Avoir le permis sur boite automatique depuis au moins 3 mois .<br>Cette formation de 7 heures sur boite manuelle, s&rsquo;adresse aux personnes titulaires d&rsquo;un permis B boite automatique ( pour des raisons non-m\u00e9dicales) d\u00e9sirant conduire un v\u00e9hicule \u00e0 changement de vitesse manuel. <\/p>\n\n\n\n<h2><strong>Pi\u00e8ces \u00e0 fournir<\/strong><\/h2>\n\n\n<div class=\"wp-block-image\">\n<figure class=\"aligncenter\"><a href=\"http:\/\/rivegaucheblois.fr\/wp-content\/uploads\/2024\/01\/sur-lappli-a-telecharger.bmp\"><img decoding=\"async\" loading=\"lazy\" width=\"683\" height=\"70\" src=\"http:\/\/rivegaucheblois.fr\/wp-content\/uploads\/2024\/01\/sur-lappli-a-telecharger.bmp\" alt=\"\" class=\"wp-image-1908\" srcset=\"https:\/\/rivegaucheblois.fr\/wp-content\/uploads\/2024\/01\/sur-lappli-a-telecharger.bmp 683w, https:\/\/rivegaucheblois.fr\/wp-content\/uploads\/2024\/01\/sur-lappli-a-telecharger-300x31.jpg 300w\" sizes=\"(max-width: 683px) 100vw, 683px\" \/><\/a><\/figure><\/div>\n\n\n<ul>\n<li>code&nbsp;<strong>e<\/strong>photo<\/li>\n\n\n\n<li>1 PDF de la pi\u00e8ce d\u2019identit\u00e9 recto\/verso sur 1 page<\/li>\n\n\n\n<li>1 PDF du permis recto\/verso sur 1 page si titulaire<\/li>\n\n\n\n<li>Justificatif de domicile datant de moins de 6 mois.(si le justificatif est \u00e0 un autre nom, fournir \u00e9galement le PDF de la pi\u00e8ce d\u2019identit\u00e9 de l\u2019h\u00e9bergeant ainsi qu\u2019une attestation d\u2019h\u00e9bergement)<\/li>\n\n\n\n<li>Adresse mail valide<\/li>\n<\/ul>\n","protected":false},"excerpt":{"rendered":"<p>PASSERELLE BA VERS B 7h00 de formation minimum \u00catre \u00e2g\u00e9 de 18 ans Avoir le permis sur boite automatique depuis au moins 3 mois .Cette formation de 7 heures sur boite manuelle, s&rsquo;adresse aux personnes titulaires d&rsquo;un permis B boite automatique ( pour des raisons non-m\u00e9dicales) d\u00e9sirant conduire un v\u00e9hicule \u00e0 changement de vitesse manuel. [&hellip;]<\/p>\n","protected":false},"author":1,"featured_media":0,"parent":0,"menu_order":0,"comment_status":"closed","ping_status":"closed","template":"","meta":[],"_links":{"self":[{"href":"https:\/\/rivegaucheblois.fr\/index.php?rest_route=\/wp\/v2\/pages\/1313"}],"collection":[{"href":"https:\/\/rivegaucheblois.fr\/index.php?rest_route=\/wp\/v2\/pages"}],"about":[{"href":"https:\/\/rivegaucheblois.fr\/index.php?rest_route=\/wp\/v2\/types\/page"}],"author":[{"embeddable":true,"href":"https:\/\/rivegaucheblois.fr\/index.php?rest_route=\/wp\/v2\/users\/1"}],"replies":[{"embeddable":true,"href":"https:\/\/rivegaucheblois.fr\/index.php?rest_route=%2Fwp%2Fv2%2Fcomments&post=1313"}],"version-history":[{"count":12,"href":"https:\/\/rivegaucheblois.fr\/index.php?rest_route=\/wp\/v2\/pages\/1313\/revisions"}],"predecessor-version":[{"id":2183,"href":"https:\/\/rivegaucheblois.fr\/index.php?rest_route=\/wp\/v2\/pages\/1313\/revisions\/2183"}],"wp:attachment":[{"href":"https:\/\/rivegaucheblois.fr\/index.php?rest_route=%2Fwp%2Fv2%2Fmedia&parent=1313"}],"curies":[{"name":"wp","href":"https:\/\/api.w.org\/{rel}","templated":true}]}}