{"id":1295,"date":"2021-07-07T16:38:34","date_gmt":"2021-07-07T14:38:34","guid":{"rendered":"http:\/\/rivegaucheblois.fr\/?page_id=1295"},"modified":"2021-07-07T17:57:08","modified_gmt":"2021-07-07T15:57:08","slug":"reclamation","status":"publish","type":"page","link":"https:\/\/rivegaucheblois.fr\/?page_id=1295","title":{"rendered":"R\u00c9CLAMATION"},"content":{"rendered":"\n<p>Pour toutes r\u00e9clamations veuillez t\u00e9l\u00e9charger le PDF en cliquant sur le bouton ci-dessous <\/p>\n\n\n\n<div class=\"wp-block-button\"><a class=\"wp-block-button__link has-background has-vivid-cyan-blue-background-color\" href=\"http:\/\/rivegaucheblois.fr\/wp-content\/uploads\/2021\/07\/reclamations.pdf\">RECLAMATION <\/a><\/div>\n","protected":false},"excerpt":{"rendered":"<p>Pour toutes r\u00e9clamations veuillez t\u00e9l\u00e9charger le PDF en cliquant sur le bouton ci-dessous<\/p>\n","protected":false},"author":1,"featured_media":0,"parent":0,"menu_order":0,"comment_status":"closed","ping_status":"closed","template":"","meta":[],"_links":{"self":[{"href":"https:\/\/rivegaucheblois.fr\/index.php?rest_route=\/wp\/v2\/pages\/1295"}],"collection":[{"href":"https:\/\/rivegaucheblois.fr\/index.php?rest_route=\/wp\/v2\/pages"}],"about":[{"href":"https:\/\/rivegaucheblois.fr\/index.php?rest_route=\/wp\/v2\/types\/page"}],"author":[{"embeddable":true,"href":"https:\/\/rivegaucheblois.fr\/index.php?rest_route=\/wp\/v2\/users\/1"}],"replies":[{"embeddable":true,"href":"https:\/\/rivegaucheblois.fr\/index.php?rest_route=%2Fwp%2Fv2%2Fcomments&post=1295"}],"version-history":[{"count":5,"href":"https:\/\/rivegaucheblois.fr\/index.php?rest_route=\/wp\/v2\/pages\/1295\/revisions"}],"predecessor-version":[{"id":1303,"href":"https:\/\/rivegaucheblois.fr\/index.php?rest_route=\/wp\/v2\/pages\/1295\/revisions\/1303"}],"wp:attachment":[{"href":"https:\/\/rivegaucheblois.fr\/index.php?rest_route=%2Fwp%2Fv2%2Fmedia&parent=1295"}],"curies":[{"name":"wp","href":"https:\/\/api.w.org\/{rel}","templated":true}]}}