{"id":1005,"date":"2020-05-25T02:55:18","date_gmt":"2020-05-25T00:55:18","guid":{"rendered":"http:\/\/rivegaucheblois.fr\/?page_id=1005"},"modified":"2024-02-01T14:21:33","modified_gmt":"2024-02-01T13:21:33","slug":"le-jour-du-permis","status":"publish","type":"page","link":"https:\/\/rivegaucheblois.fr\/?page_id=1005","title":{"rendered":"LE JOUR DU PERMIS"},"content":{"rendered":"\n<h2>Avant l\u2019examen&nbsp;:<\/h2>\n\n\n\n<ul>\n<li>Soyez \u00e0 l\u2019heure le jour J, et v\u00e9rifiez bien que vous avez pris votre&nbsp;pi\u00e8ce d\u2019identit\u00e9.&nbsp;<\/li>\n\n\n\n<li>Pensez \u00e0 t\u00e9l\u00e9charger l&rsquo;application kopilote et coach AAC pour les conduites accompagn\u00e9es.<\/li>\n\n\n\n<li>Votre examinateur sera amen\u00e9 \u00e0 effectuer le contr\u00f4le de ces documents avant le d\u00e9but de l\u2019examen.<\/li>\n\n\n\n<li><strong>(pendant la p\u00e9riode COVID-19, pensez \u00e0 vous munir d&rsquo;un masque)<\/strong><\/li>\n<\/ul>\n\n\n\n<h2>Pendant l\u2019examen&nbsp;:<\/h2>\n\n\n\n<p>Vous allez \u00eatre \u00e9valu\u00e9 sur un parcours qui comporte des passages en et hors agglom\u00e9ration. Votre examinateur va &nbsp;v\u00e9rifier votre capacit\u00e9 \u00e0 d\u00e9celer les changements de contexte sur la route et \u00e0 vous y adapter.<\/p>\n\n\n\n<p>Dans tous les cas il faudra&nbsp; conduire de fa\u00e7on effective et \u00e0 allure soutenue sur route et sur autoroute. Votre examinateur va vous donner des instructions directionnelles simples. Cependant, avec le stress, il est possible que vous ne compreniez pas ou que vous n\u2019ayez pas entendu ce qu\u2019il vous a dit,&nbsp; dans ce cas n\u2019h\u00e9sitez surtout pas \u00e0 le faire r\u00e9p\u00e9ter plut\u00f4t que de commettre une erreur.<\/p>\n\n\n\n<p>Votre mission est de&nbsp;lui faire partager votre assurance et votre autonomie&nbsp;au volant. Si vous y parvenez, il n\u2019y a pas de raison pour que \u00e9preuve ne se passe pas bien. Il faudra \u00e9galement lui monter que vous avez conscience des risque gr\u00e2ce \u00e0 votre conduite en toute s\u00e9curit\u00e9.<\/p>\n\n\n\n<p>Votre conduite va \u00eatre ponctu\u00e9e par plusieurs \u00ab&nbsp;sous \u00e9preuves&nbsp;\u00bb&nbsp;:<\/p>\n\n\n\n<p><strong>1 Test de vue&nbsp;:<\/strong><\/p>\n\n\n\n<p>L\u2019examinateur pourra par exemple vous demander de lire la plaque d\u2019immatriculation de la voiture se trouvant devant vous, ou de lire une inscription sur un panneau pour v\u00e9rifier votre vue.<\/p>\n\n\n\n<p><strong>2 V\u00e9rifications int\u00e9rieures et ext\u00e9rieures :<\/strong><\/p>\n\n\n\n<p><a href=\"http:\/\/rivegaucheblois.fr\/?page_id=1011\">Voir page des v\u00e9rifications<\/a><\/p>\n\n\n\n<p>Lors de votre passage \u00e0 l&rsquo;examen pratique du permis de conduire, l&rsquo;inspecteur va vous demander de proc\u00e9der \u00e0 2 v\u00e9rifications, qui comptent pour 3 points :<\/p>\n\n\n\n<ul>\n<li>1 v\u00e9rification int\u00e9rieure ou ext\u00e9rieure : 1 point<\/li>\n\n\n\n<li>1 question de s\u00e9curit\u00e9 routi\u00e8re associ\u00e9e \u00e0 la premi\u00e8re : 1 point<\/li>\n\n\n\n<li>1 question de premiers secours : 1 point<\/li>\n<\/ul>\n\n\n\n<p><strong>1 freinage de pr\u00e9cision&nbsp;:<\/strong><\/p>\n\n\n\n<p>La r\u00e9alisation d\u2019un freinage de pr\u00e9cision devra \u00eatre r\u00e9alis\u00e9 soit \u00e0 l\u2019occasion d&rsquo;un arr\u00eat impos\u00e9 par la signalisation ou en utilisant un rep\u00e8re vertical pr\u00e9cis et visible, selon les consignes de votre examinateur.<\/p>\n\n\n\n<p><strong>Une Man\u0153uvre en marche arri\u00e8re&nbsp;:<\/strong><\/p>\n\n\n\n<p>&nbsp;La r\u00e9alisation d\u2019une des 6 man\u0153uvres en marche arri\u00e8re choisie par l\u2019expert qui d\u00e9termine le moment (marche arri\u00e8re en ligne droite&nbsp;; marche arri\u00e8re en arrondi ou en angle ; rangement en cr\u00e9neau&nbsp;; rangement en \u00e9pi&nbsp;; rangement en bataille&nbsp;; demi- tour)<\/p>\n\n\n\n<p>On vous jugera surtout sur votre capacit\u00e9 \u00e0 maintenir la s\u00e9curit\u00e9 pendant votre man\u0153uvre et sur votre technicit\u00e9.<\/p>\n\n\n\n<figure class=\"wp-block-image size-large\"><img decoding=\"async\" loading=\"lazy\" width=\"763\" height=\"1000\" src=\"http:\/\/rivegaucheblois.fr\/wp-content\/uploads\/2020\/05\/feuille_examen.jpg\" alt=\"\" class=\"wp-image-1006\" srcset=\"https:\/\/rivegaucheblois.fr\/wp-content\/uploads\/2020\/05\/feuille_examen.jpg 763w, https:\/\/rivegaucheblois.fr\/wp-content\/uploads\/2020\/05\/feuille_examen-229x300.jpg 229w\" sizes=\"(max-width: 763px) 100vw, 763px\" \/><\/figure>\n\n\n\n<h2>Apr\u00e8s l&rsquo;examen<\/h2>\n\n\n\n<p class=\"has-medium-font-size\"><strong>24 heures apr\u00e8s rendez vous sur votre compte rdv permis<\/strong><\/p>\n","protected":false},"excerpt":{"rendered":"<p>Avant l\u2019examen&nbsp;: Pendant l\u2019examen&nbsp;: Vous allez \u00eatre \u00e9valu\u00e9 sur un parcours qui comporte des passages en et hors agglom\u00e9ration. Votre examinateur va &nbsp;v\u00e9rifier votre capacit\u00e9 \u00e0 d\u00e9celer les changements de contexte sur la route et \u00e0 vous y adapter. Dans tous les cas il faudra&nbsp; conduire de fa\u00e7on effective et \u00e0 allure soutenue sur route [&hellip;]<\/p>\n","protected":false},"author":1,"featured_media":0,"parent":0,"menu_order":0,"comment_status":"closed","ping_status":"closed","template":"","meta":[],"_links":{"self":[{"href":"https:\/\/rivegaucheblois.fr\/index.php?rest_route=\/wp\/v2\/pages\/1005"}],"collection":[{"href":"https:\/\/rivegaucheblois.fr\/index.php?rest_route=\/wp\/v2\/pages"}],"about":[{"href":"https:\/\/rivegaucheblois.fr\/index.php?rest_route=\/wp\/v2\/types\/page"}],"author":[{"embeddable":true,"href":"https:\/\/rivegaucheblois.fr\/index.php?rest_route=\/wp\/v2\/users\/1"}],"replies":[{"embeddable":true,"href":"https:\/\/rivegaucheblois.fr\/index.php?rest_route=%2Fwp%2Fv2%2Fcomments&post=1005"}],"version-history":[{"count":10,"href":"https:\/\/rivegaucheblois.fr\/index.php?rest_route=\/wp\/v2\/pages\/1005\/revisions"}],"predecessor-version":[{"id":1941,"href":"https:\/\/rivegaucheblois.fr\/index.php?rest_route=\/wp\/v2\/pages\/1005\/revisions\/1941"}],"wp:attachment":[{"href":"https:\/\/rivegaucheblois.fr\/index.php?rest_route=%2Fwp%2Fv2%2Fmedia&parent=1005"}],"curies":[{"name":"wp","href":"https:\/\/api.w.org\/{rel}","templated":true}]}}